{"id":10004,"date":"2024-03-01T11:39:56","date_gmt":"2024-03-01T09:39:56","guid":{"rendered":"https:\/\/kuokokitchen.com\/?post_type=product&#038;p=10004"},"modified":"2024-07-25T08:50:02","modified_gmt":"2024-07-25T06:50:02","slug":"casseroles-set-o20-o25cm-o295cm","status":"publish","type":"product","link":"https:\/\/kuokokitchen.com\/en\/packs-en\/casseroles-set-o20-o25cm-o295cm\/","title":{"rendered":"Casseroles set (\u00d820, \u00d825cm, \u00d829,5cm)"},"content":{"rendered":"<div class=\"wpb-content-wrapper\"><p>[vc_row][vc_column][vc_column_text]The casserole set is an essential set designed to meet all your cooking requirements. This thoughtfully curated collection features three differently sized casseroles, meticulously crafted from high-quality ceramic. Not only do they provide even heat distribution and outstanding cooking performance, but their ceramic composition ensures they are non-toxic and safe for all your culinary creations.<\/p>\n<p>The set includes small, medium, and large casseroles, offering versatility for various recipes and serving occasions. Whether it&#8217;s an intimate meal, a family-sized feast, or entertaining guests, these casseroles have you covered.<\/p>\n<p>What sets these casseroles apart is not only their stylish and ergonomic designs but also their commitment to safety. Being made of ceramic, they are naturally non-toxic, ensuring a healthy cooking environment. Additionally, these casseroles boast a natural non-stick property, eliminating the need for coatings. This makes them not only safe but also naturally anti-adherent, allowing for easy food release and hassle-free cleaning.<\/p>\n<p>Bring elegance, functionality, and safety to your kitchen with our Casserole set. Whether you&#8217;re a cooking enthusiast or a seasoned chef, these ceramic wonders will be your reliable companions for years to come.<\/p>\n<p>Made in Italy<\/p>\n<p>Material: Gres ceramic suitable for flame<\/p>\n<p>Stoneware ceramic, of the highest quality and fired at high temperatures to achieve a harder, more resistant, and durable ceramic. This makes it an ideal material for use in the kitchen.<\/p>\n<p>More information on why we love this material can be found here.<\/p>\n<p>At KUOKO, we strive to take maximum care of the environment. The product will reach you packaged without any plastic in a box made of recycled cardboard and with packaging chips that are 100% recyclable, biodegradable, and compostable, dissolving in water. Help us maintain this chain and make sure to recycle to give a new life to all our packaging!<\/p>\n<p>Ceramic utensils, as long as they are well cared for, are for a lifetime. However, if you want to get rid of them, take them to your nearest green disposal point.[\/vc_column_text][\/vc_column][\/vc_row][vc_row][vc_column][vc_row_inner content_placement=&#8221;top&#8221; gap=&#8221;10&#8243; row_reverse_mobile=&#8221;0&#8243; row_reverse_tablet=&#8221;0&#8243;][vc_column_inner width=&#8221;1\/4&#8243; woodmart_text_align=&#8221;center&#8221;]\t\t\t<div class=\"info-box-wrapper\">\n\t\t\t\t<div id=\"wd-632af9ca43d2b\" class=\" wd-rs-632af9ca43d2b wd-info-box wd-wpb text-center box-icon-align-top box-style- color-scheme- wd-bg-none \">\n\t\t\t\t\t\t\t\t\t\t\t<div class=\"box-icon-wrapper  box-with-icon box-icon-simple\">\n\t\t\t\t\t\t\t<div class=\"info-box-icon\">\n\t\t\t\t\t\t\t\t<img loading=\"lazy\" decoding=\"async\" width=\"75\" height=\"75\" src=\"https:\/\/kuokokitchen.com\/wp-content\/uploads\/pictos_apto_microondas_gris-75x75.png\" class=\"attachment-75x75 size-75x75\" alt=\"\" \/>\t\t\t\t\t\t\t<\/div>\n\t\t\t\t\t\t<\/div>\n\t\t\t\t\t\t\t\t\t\t<div class=\"info-box-content\">\n\t\t\t\t\t\t\t\t\t\t\t\t<div class=\"info-box-inner reset-last-child\"><p>Microwave safe<\/p>\n<\/div>\n\n\t\t\t\t\t\t\t\t\t\t\t<\/div>\n\n\t\t\t\t\t\n\t\t\t\t\t\t\t\t\t<\/div>\n\t\t\t<\/div>\n\t\t[\/vc_column_inner][vc_column_inner width=&#8221;1\/4&#8243; woodmart_text_align=&#8221;right&#8221;]\t\t\t<div class=\"info-box-wrapper\">\n\t\t\t\t<div id=\"wd-632ac2319b511\" class=\" wd-rs-632ac2319b511 wd-info-box wd-wpb text-center box-icon-align-top box-style- color-scheme- wd-bg-none \">\n\t\t\t\t\t\t\t\t\t\t\t<div class=\"box-icon-wrapper  box-with-icon box-icon-simple\">\n\t\t\t\t\t\t\t<div class=\"info-box-icon\">\n\t\t\t\t\t\t\t\t<img loading=\"lazy\" decoding=\"async\" width=\"75\" height=\"75\" src=\"https:\/\/kuokokitchen.com\/wp-content\/uploads\/pictos_apto_lavavajillas_gris-75x75.png\" class=\"attachment-75x75 size-75x75\" alt=\"\" \/>\t\t\t\t\t\t\t<\/div>\n\t\t\t\t\t\t<\/div>\n\t\t\t\t\t\t\t\t\t\t<div class=\"info-box-content\">\n\t\t\t\t\t\t\t\t\t\t\t\t<div class=\"info-box-inner reset-last-child\"><p>Dishwasher safe<\/p>\n<\/div>\n\n\t\t\t\t\t\t\t\t\t\t\t<\/div>\n\n\t\t\t\t\t\n\t\t\t\t\t\t\t\t\t<\/div>\n\t\t\t<\/div>\n\t\t[\/vc_column_inner][vc_column_inner width=&#8221;1\/4&#8243; woodmart_text_align=&#8221;center&#8221;]\t\t\t<div class=\"info-box-wrapper\">\n\t\t\t\t<div id=\"wd-632af2c1cb09e\" class=\" wd-rs-632af2c1cb09e wd-info-box wd-wpb text-center box-icon-align-top box-style- color-scheme- wd-bg-none \">\n\t\t\t\t\t\t\t\t\t\t\t<div class=\"box-icon-wrapper  box-with-icon box-icon-simple\">\n\t\t\t\t\t\t\t<div class=\"info-box-icon\">\n\t\t\t\t\t\t\t\t<img loading=\"lazy\" decoding=\"async\" width=\"75\" height=\"75\" src=\"https:\/\/kuokokitchen.com\/wp-content\/uploads\/pictos_apto_horno_gris-75x75.png\" class=\"attachment-75x75 size-75x75\" alt=\"\" \/>\t\t\t\t\t\t\t<\/div>\n\t\t\t\t\t\t<\/div>\n\t\t\t\t\t\t\t\t\t\t<div class=\"info-box-content\">\n\t\t\t\t\t\t\t\t\t\t\t\t<div class=\"info-box-inner reset-last-child\"><p>Oven safe<\/p>\n<\/div>\n\n\t\t\t\t\t\t\t\t\t\t\t<\/div>\n\n\t\t\t\t\t\n\t\t\t\t\t\t\t\t\t<\/div>\n\t\t\t<\/div>\n\t\t[\/vc_column_inner][vc_column_inner width=&#8221;1\/4&#8243; woodmart_text_align=&#8221;center&#8221;]\t\t\t<div class=\"info-box-wrapper\">\n\t\t\t\t<div id=\"wd-632afe5c6fddf\" class=\" wd-rs-632afe5c6fddf wd-info-box wd-wpb text-center box-icon-align-top box-style- color-scheme- wd-bg-none \">\n\t\t\t\t\t\t\t\t\t\t\t<div class=\"box-icon-wrapper  box-with-icon box-icon-simple\">\n\t\t\t\t\t\t\t<div class=\"info-box-icon\">\n\t\t\t\t\t\t\t\t<img loading=\"lazy\" decoding=\"async\" width=\"75\" height=\"75\" src=\"https:\/\/kuokokitchen.com\/wp-content\/uploads\/pictos_apto_cocina_gas_gris-75x75.png\" class=\"attachment-75x75 size-75x75\" alt=\"\" \/>\t\t\t\t\t\t\t<\/div>\n\t\t\t\t\t\t<\/div>\n\t\t\t\t\t\t\t\t\t\t<div class=\"info-box-content\">\n\t\t\t\t\t\t\t\t\t\t\t\t<div class=\"info-box-inner reset-last-child\"><p>Fit for fire and fire stove<\/p>\n<\/div>\n\n\t\t\t\t\t\t\t\t\t\t\t<\/div>\n\n\t\t\t\t\t\n\t\t\t\t\t\t\t\t\t<\/div>\n\t\t\t<\/div>\n\t\t[\/vc_column_inner][\/vc_row_inner][\/vc_column][\/vc_row][vc_row][vc_column][vc_row_inner content_placement=&#8221;top&#8221; gap=&#8221;10&#8243; row_reverse_mobile=&#8221;0&#8243; row_reverse_tablet=&#8221;0&#8243;][vc_column_inner width=&#8221;1\/4&#8243; woodmart_text_align=&#8221;center&#8221;]\t\t\t<div class=\"info-box-wrapper\">\n\t\t\t\t<div id=\"wd-632afcf34b7af\" class=\" wd-rs-632afcf34b7af wd-info-box wd-wpb text-center box-icon-align-top box-style- color-scheme- wd-bg-none \">\n\t\t\t\t\t\t\t\t\t\t\t<div class=\"box-icon-wrapper  box-with-icon box-icon-simple\">\n\t\t\t\t\t\t\t<div class=\"info-box-icon\">\n\t\t\t\t\t\t\t\t<img loading=\"lazy\" decoding=\"async\" width=\"75\" height=\"75\" src=\"https:\/\/kuokokitchen.com\/wp-content\/uploads\/pictos_apto_cocina_vitro_gris-75x75.png\" class=\"attachment-75x75 size-75x75\" alt=\"\" \/>\t\t\t\t\t\t\t<\/div>\n\t\t\t\t\t\t<\/div>\n\t\t\t\t\t\t\t\t\t\t<div class=\"info-box-content\">\n\t\t\t\t\t\t\t\t\t\t\t\t<div class=\"info-box-inner reset-last-child\"><p>Fit for glass stove tops<\/p>\n<\/div>\n\n\t\t\t\t\t\t\t\t\t\t\t<\/div>\n\n\t\t\t\t\t\n\t\t\t\t\t\t\t\t\t<\/div>\n\t\t\t<\/div>\n\t\t[\/vc_column_inner][vc_column_inner width=&#8221;1\/4&#8243; woodmart_text_align=&#8221;right&#8221;]\t\t\t<div class=\"info-box-wrapper\">\n\t\t\t\t<div id=\"wd-632afcc6c3e35\" class=\" wd-rs-632afcc6c3e35 wd-info-box wd-wpb text-center box-icon-align-top box-style- color-scheme- wd-bg-none \">\n\t\t\t\t\t\t\t\t\t\t\t<div class=\"box-icon-wrapper  box-with-icon box-icon-simple\">\n\t\t\t\t\t\t\t<div class=\"info-box-icon\">\n\t\t\t\t\t\t\t\t<img loading=\"lazy\" decoding=\"async\" width=\"75\" height=\"75\" src=\"https:\/\/kuokokitchen.com\/wp-content\/uploads\/pictos_apto_cocina_induccion_gris-75x75.png\" class=\"attachment-75x75 size-75x75\" alt=\"\" \/>\t\t\t\t\t\t\t<\/div>\n\t\t\t\t\t\t<\/div>\n\t\t\t\t\t\t\t\t\t\t<div class=\"info-box-content\">\n\t\t\t\t\t\t\t\t\t\t\t\t<div class=\"info-box-inner reset-last-child\"><p>Fit for induction stove<\/p>\n<\/div>\n\n\t\t\t\t\t\t\t\t\t\t\t<\/div>\n\n\t\t\t\t\t\n\t\t\t\t\t\t\t\t\t<\/div>\n\t\t\t<\/div>\n\t\t[\/vc_column_inner][vc_column_inner width=&#8221;1\/4&#8243; woodmart_text_align=&#8221;center&#8221;]\t\t\t<div class=\"info-box-wrapper\">\n\t\t\t\t<div id=\"wd-632afe7920168\" class=\" wd-rs-632afe7920168 wd-info-box wd-wpb text-center box-icon-align-top box-style- color-scheme- wd-bg-none \">\n\t\t\t\t\t\t\t\t\t\t\t<div class=\"box-icon-wrapper  box-with-icon box-icon-simple\">\n\t\t\t\t\t\t\t<div class=\"info-box-icon\">\n\t\t\t\t\t\t\t\t<img loading=\"lazy\" decoding=\"async\" width=\"75\" height=\"75\" src=\"https:\/\/kuokokitchen.com\/wp-content\/uploads\/pictos_apto_barbacoa_fuego_gris-75x75.png\" class=\"attachment-75x75 size-75x75\" alt=\"\" \/>\t\t\t\t\t\t\t<\/div>\n\t\t\t\t\t\t<\/div>\n\t\t\t\t\t\t\t\t\t\t<div class=\"info-box-content\">\n\t\t\t\t\t\t\t\t\t\t\t\t<div class=\"info-box-inner reset-last-child\"><p>BBQ friendly<\/p>\n<\/div>\n\n\t\t\t\t\t\t\t\t\t\t\t<\/div>\n\n\t\t\t\t\t\n\t\t\t\t\t\t\t\t\t<\/div>\n\t\t\t<\/div>\n\t\t[\/vc_column_inner][vc_column_inner width=&#8221;1\/4&#8243; woodmart_text_align=&#8221;center&#8221;]\t\t\t<div class=\"info-box-wrapper\">\n\t\t\t\t<div id=\"wd-632af33052c49\" class=\" wd-rs-632af33052c49 wd-info-box wd-wpb text-center box-icon-align-top box-style- color-scheme- wd-bg-none \">\n\t\t\t\t\t\t\t\t\t\t\t<div class=\"box-icon-wrapper  box-with-icon box-icon-simple\">\n\t\t\t\t\t\t\t<div class=\"info-box-icon\">\n\t\t\t\t\t\t\t\t<img loading=\"lazy\" decoding=\"async\" width=\"75\" height=\"75\" src=\"https:\/\/kuokokitchen.com\/wp-content\/uploads\/pictos_apto_nevera_gris-75x75.png\" class=\"attachment-75x75 size-75x75\" alt=\"\" \/>\t\t\t\t\t\t\t<\/div>\n\t\t\t\t\t\t<\/div>\n\t\t\t\t\t\t\t\t\t\t<div class=\"info-box-content\">\n\t\t\t\t\t\t\t\t\t\t\t\t<div class=\"info-box-inner reset-last-child\"><p>Fridge safe<\/p>\n<\/div>\n\n\t\t\t\t\t\t\t\t\t\t\t<\/div>\n\n\t\t\t\t\t\n\t\t\t\t\t\t\t\t\t<\/div>\n\t\t\t<\/div>\n\t\t[\/vc_column_inner][\/vc_row_inner][\/vc_column][\/vc_row]<\/p>\n<\/div>","protected":false},"excerpt":{"rendered":"<p>Includes 3 casseroles of different sizes to cook different quantities and in different occasions! (\u00d820, \u00d825cm, \u00d829,5cm)<\/p>\n","protected":false},"featured_media":10020,"template":"","meta":{"_themeisle_gutenberg_block_has_review":false},"product_brand":[],"product_cat":[565,563,898,889],"product_tag":[597],"class_list":{"0":"post-10004","1":"product","2":"type-product","3":"status-publish","4":"has-post-thumbnail","6":"product_cat-casseroles","7":"product_cat-cooking-and-baking","8":"product_cat-kitchen-products","9":"product_cat-packs-en","10":"product_tag-best-sellers","11":"pa_material-gres-ceramic","13":"first","14":"instock","15":"sale","16":"taxable","17":"shipping-taxable","18":"purchasable","19":"product-type-variable"},"yoast_head":"<!-- This site is optimized with the Yoast SEO plugin v27.3 - https:\/\/yoast.com\/product\/yoast-seo-wordpress\/ -->\n<title>Buy Casseroles set (\u00d820, \u00d825cm, \u00d829,5cm) | Kuoko Kitchen Things<\/title>\n<meta name=\"description\" content=\"Set of casseroles made from 100% natural ceramic. Completely toxic-free, these casseroles ensure healthy and safe cooking for your family.\" \/>\n<meta name=\"robots\" content=\"index, follow, max-snippet:-1, max-image-preview:large, max-video-preview:-1\" \/>\n<link rel=\"canonical\" href=\"https:\/\/kuokokitchen.com\/en\/packs-en\/casseroles-set-o20-o25cm-o295cm\/\" \/>\n<meta property=\"og:locale\" content=\"en_US\" \/>\n<meta property=\"og:type\" content=\"article\" \/>\n<meta property=\"og:title\" content=\"Buy Casseroles set (\u00d820, \u00d825cm, \u00d829,5cm) | Kuoko Kitchen Things\" \/>\n<meta property=\"og:description\" content=\"Set of casseroles made from 100% natural ceramic. Completely toxic-free, these casseroles ensure healthy and safe cooking for your family.\" \/>\n<meta property=\"og:url\" content=\"https:\/\/kuokokitchen.com\/en\/packs-en\/casseroles-set-o20-o25cm-o295cm\/\" \/>\n<meta property=\"og:site_name\" content=\"Kuoko Kitchen Things\" \/>\n<meta property=\"article:modified_time\" content=\"2024-07-25T06:50:02+00:00\" \/>\n<meta property=\"og:image\" content=\"https:\/\/kuokokitchen.com\/wp-content\/uploads\/Kuoko_cacerolas-colores.jpg\" \/>\n\t<meta property=\"og:image:width\" content=\"960\" \/>\n\t<meta property=\"og:image:height\" content=\"678\" \/>\n\t<meta property=\"og:image:type\" content=\"image\/jpeg\" \/>\n<meta name=\"twitter:card\" content=\"summary_large_image\" \/>\n<meta name=\"twitter:label1\" content=\"Est. reading time\" \/>\n\t<meta name=\"twitter:data1\" content=\"2 minutes\" \/>\n<script type=\"application\/ld+json\" class=\"yoast-schema-graph\">{\"@context\":\"https:\\\/\\\/schema.org\",\"@graph\":[{\"@type\":\"WebPage\",\"@id\":\"https:\\\/\\\/kuokokitchen.com\\\/en\\\/packs-en\\\/casseroles-set-o20-o25cm-o295cm\\\/\",\"url\":\"https:\\\/\\\/kuokokitchen.com\\\/en\\\/packs-en\\\/casseroles-set-o20-o25cm-o295cm\\\/\",\"name\":\"Buy Casseroles set (\u00d820, \u00d825cm, \u00d829,5cm) | Kuoko Kitchen Things\",\"isPartOf\":{\"@id\":\"https:\\\/\\\/kuokokitchen.com\\\/en\\\/#website\"},\"primaryImageOfPage\":{\"@id\":\"https:\\\/\\\/kuokokitchen.com\\\/en\\\/packs-en\\\/casseroles-set-o20-o25cm-o295cm\\\/#primaryimage\"},\"image\":{\"@id\":\"https:\\\/\\\/kuokokitchen.com\\\/en\\\/packs-en\\\/casseroles-set-o20-o25cm-o295cm\\\/#primaryimage\"},\"thumbnailUrl\":\"https:\\\/\\\/kuokokitchen.com\\\/wp-content\\\/uploads\\\/Kuoko_cacerolas-colores.jpg\",\"datePublished\":\"2024-03-01T09:39:56+00:00\",\"dateModified\":\"2024-07-25T06:50:02+00:00\",\"description\":\"Set of casseroles made from 100% natural ceramic. Completely toxic-free, these casseroles ensure healthy and safe cooking for your family.\",\"breadcrumb\":{\"@id\":\"https:\\\/\\\/kuokokitchen.com\\\/en\\\/packs-en\\\/casseroles-set-o20-o25cm-o295cm\\\/#breadcrumb\"},\"inLanguage\":\"en-US\",\"potentialAction\":[{\"@type\":\"ReadAction\",\"target\":[\"https:\\\/\\\/kuokokitchen.com\\\/en\\\/packs-en\\\/casseroles-set-o20-o25cm-o295cm\\\/\"]}]},{\"@type\":\"ImageObject\",\"inLanguage\":\"en-US\",\"@id\":\"https:\\\/\\\/kuokokitchen.com\\\/en\\\/packs-en\\\/casseroles-set-o20-o25cm-o295cm\\\/#primaryimage\",\"url\":\"https:\\\/\\\/kuokokitchen.com\\\/wp-content\\\/uploads\\\/Kuoko_cacerolas-colores.jpg\",\"contentUrl\":\"https:\\\/\\\/kuokokitchen.com\\\/wp-content\\\/uploads\\\/Kuoko_cacerolas-colores.jpg\",\"width\":960,\"height\":678},{\"@type\":\"BreadcrumbList\",\"@id\":\"https:\\\/\\\/kuokokitchen.com\\\/en\\\/packs-en\\\/casseroles-set-o20-o25cm-o295cm\\\/#breadcrumb\",\"itemListElement\":[{\"@type\":\"ListItem\",\"position\":1,\"name\":\"Home\",\"item\":\"https:\\\/\\\/kuokokitchen.com\\\/en\\\/home-decor\\\/\"},{\"@type\":\"ListItem\",\"position\":2,\"name\":\"Shop\",\"item\":\"https:\\\/\\\/kuokokitchen.com\\\/en\\\/shop\\\/\"},{\"@type\":\"ListItem\",\"position\":3,\"name\":\"Casseroles set (\u00d820, \u00d825cm, \u00d829,5cm)\"}]},{\"@type\":\"WebSite\",\"@id\":\"https:\\\/\\\/kuokokitchen.com\\\/en\\\/#website\",\"url\":\"https:\\\/\\\/kuokokitchen.com\\\/en\\\/\",\"name\":\"Kuoko Kitchen Things\",\"description\":\"Utensilios de cocina libre de t\u00f3xicos\",\"potentialAction\":[{\"@type\":\"SearchAction\",\"target\":{\"@type\":\"EntryPoint\",\"urlTemplate\":\"https:\\\/\\\/kuokokitchen.com\\\/en\\\/?s={search_term_string}\"},\"query-input\":{\"@type\":\"PropertyValueSpecification\",\"valueRequired\":true,\"valueName\":\"search_term_string\"}}],\"inLanguage\":\"en-US\"}]}<\/script>\n<!-- \/ Yoast SEO plugin. -->","yoast_head_json":{"title":"Buy Casseroles set (\u00d820, \u00d825cm, \u00d829,5cm) | Kuoko Kitchen Things","description":"Set of casseroles made from 100% natural ceramic. Completely toxic-free, these casseroles ensure healthy and safe cooking for your family.","robots":{"index":"index","follow":"follow","max-snippet":"max-snippet:-1","max-image-preview":"max-image-preview:large","max-video-preview":"max-video-preview:-1"},"canonical":"https:\/\/kuokokitchen.com\/en\/packs-en\/casseroles-set-o20-o25cm-o295cm\/","og_locale":"en_US","og_type":"article","og_title":"Buy Casseroles set (\u00d820, \u00d825cm, \u00d829,5cm) | Kuoko Kitchen Things","og_description":"Set of casseroles made from 100% natural ceramic. Completely toxic-free, these casseroles ensure healthy and safe cooking for your family.","og_url":"https:\/\/kuokokitchen.com\/en\/packs-en\/casseroles-set-o20-o25cm-o295cm\/","og_site_name":"Kuoko Kitchen Things","article_modified_time":"2024-07-25T06:50:02+00:00","og_image":[{"width":960,"height":678,"url":"https:\/\/kuokokitchen.com\/wp-content\/uploads\/Kuoko_cacerolas-colores.jpg","type":"image\/jpeg"}],"twitter_card":"summary_large_image","twitter_misc":{"Est. reading time":"2 minutes"},"schema":{"@context":"https:\/\/schema.org","@graph":[{"@type":"WebPage","@id":"https:\/\/kuokokitchen.com\/en\/packs-en\/casseroles-set-o20-o25cm-o295cm\/","url":"https:\/\/kuokokitchen.com\/en\/packs-en\/casseroles-set-o20-o25cm-o295cm\/","name":"Buy Casseroles set (\u00d820, \u00d825cm, \u00d829,5cm) | Kuoko Kitchen Things","isPartOf":{"@id":"https:\/\/kuokokitchen.com\/en\/#website"},"primaryImageOfPage":{"@id":"https:\/\/kuokokitchen.com\/en\/packs-en\/casseroles-set-o20-o25cm-o295cm\/#primaryimage"},"image":{"@id":"https:\/\/kuokokitchen.com\/en\/packs-en\/casseroles-set-o20-o25cm-o295cm\/#primaryimage"},"thumbnailUrl":"https:\/\/kuokokitchen.com\/wp-content\/uploads\/Kuoko_cacerolas-colores.jpg","datePublished":"2024-03-01T09:39:56+00:00","dateModified":"2024-07-25T06:50:02+00:00","description":"Set of casseroles made from 100% natural ceramic. Completely toxic-free, these casseroles ensure healthy and safe cooking for your family.","breadcrumb":{"@id":"https:\/\/kuokokitchen.com\/en\/packs-en\/casseroles-set-o20-o25cm-o295cm\/#breadcrumb"},"inLanguage":"en-US","potentialAction":[{"@type":"ReadAction","target":["https:\/\/kuokokitchen.com\/en\/packs-en\/casseroles-set-o20-o25cm-o295cm\/"]}]},{"@type":"ImageObject","inLanguage":"en-US","@id":"https:\/\/kuokokitchen.com\/en\/packs-en\/casseroles-set-o20-o25cm-o295cm\/#primaryimage","url":"https:\/\/kuokokitchen.com\/wp-content\/uploads\/Kuoko_cacerolas-colores.jpg","contentUrl":"https:\/\/kuokokitchen.com\/wp-content\/uploads\/Kuoko_cacerolas-colores.jpg","width":960,"height":678},{"@type":"BreadcrumbList","@id":"https:\/\/kuokokitchen.com\/en\/packs-en\/casseroles-set-o20-o25cm-o295cm\/#breadcrumb","itemListElement":[{"@type":"ListItem","position":1,"name":"Home","item":"https:\/\/kuokokitchen.com\/en\/home-decor\/"},{"@type":"ListItem","position":2,"name":"Shop","item":"https:\/\/kuokokitchen.com\/en\/shop\/"},{"@type":"ListItem","position":3,"name":"Casseroles set (\u00d820, \u00d825cm, \u00d829,5cm)"}]},{"@type":"WebSite","@id":"https:\/\/kuokokitchen.com\/en\/#website","url":"https:\/\/kuokokitchen.com\/en\/","name":"Kuoko Kitchen Things","description":"Utensilios de cocina libre de t\u00f3xicos","potentialAction":[{"@type":"SearchAction","target":{"@type":"EntryPoint","urlTemplate":"https:\/\/kuokokitchen.com\/en\/?s={search_term_string}"},"query-input":{"@type":"PropertyValueSpecification","valueRequired":true,"valueName":"search_term_string"}}],"inLanguage":"en-US"}]}},"_links":{"self":[{"href":"https:\/\/kuokokitchen.com\/en\/wp-json\/wp\/v2\/product\/10004","targetHints":{"allow":["GET"]}}],"collection":[{"href":"https:\/\/kuokokitchen.com\/en\/wp-json\/wp\/v2\/product"}],"about":[{"href":"https:\/\/kuokokitchen.com\/en\/wp-json\/wp\/v2\/types\/product"}],"wp:featuredmedia":[{"embeddable":true,"href":"https:\/\/kuokokitchen.com\/en\/wp-json\/wp\/v2\/media\/10020"}],"wp:attachment":[{"href":"https:\/\/kuokokitchen.com\/en\/wp-json\/wp\/v2\/media?parent=10004"}],"wp:term":[{"taxonomy":"product_brand","embeddable":true,"href":"https:\/\/kuokokitchen.com\/en\/wp-json\/wp\/v2\/product_brand?post=10004"},{"taxonomy":"product_cat","embeddable":true,"href":"https:\/\/kuokokitchen.com\/en\/wp-json\/wp\/v2\/product_cat?post=10004"},{"taxonomy":"product_tag","embeddable":true,"href":"https:\/\/kuokokitchen.com\/en\/wp-json\/wp\/v2\/product_tag?post=10004"}],"curies":[{"name":"wp","href":"https:\/\/api.w.org\/{rel}","templated":true}]}}