{"id":7875,"date":"2022-08-16T13:48:59","date_gmt":"2022-08-16T11:48:59","guid":{"rendered":"https:\/\/kuokokitchen.com\/uncategorized\/low-casserole-yellow-o295cm\/"},"modified":"2024-07-25T08:58:52","modified_gmt":"2024-07-25T06:58:52","slug":"low-casserole-yellow-o295cm","status":"publish","type":"product","link":"https:\/\/kuokokitchen.com\/en\/casseroles\/low-casserole-yellow-o295cm\/","title":{"rendered":"Low casserole yellow \u00d829,5cm"},"content":{"rendered":"<div class=\"wpb-content-wrapper\"><p>[vc_row][vc_column][vc_column_text woodmart_inline=&#8221;no&#8221; text_larger=&#8221;no&#8221;]<\/p>\n<h2 style=\"font-weight: bold;\">Designed in Switzerland and handmade in Italy<\/h2>\n<p>The <strong>KUOKO ceramic casserole<\/strong> stands out for its lightness, easy handling, and easy to clean.<\/p>\n<h2 style=\"font-weight: bold;\">Pure and Natural Casserole Ceramic<\/h2>\n<p>This casserole is in its purest state, made with only <strong>100% natural ceramic<\/strong>, so it does not have a commercial non-stick coating. Still, it cooks very easily, smooth, and food will not stick onto it, just add a little bit of oil or fat before cooking and you&#8217;ll see! Once you start using it, you won&#8217;t want to part without it, it&#8217;s totally worth it!<\/p>\n<p>You will also notice it in the taste. Ceramic is inert and does not react with your food, so the flavour of your food will not be altered by the material it is cooked in.<\/p>\n<p>The lid is specially designed to achieve a moderate \u201crain\u201d effect. The lumps inside serve so that, when the KUOKO casserole or cocotte is covered during the cooking, the condensation that may be generated will fall back onto the food, thus preventing it from drying out. This way, the meat, vegetables or whatever is being cooked will always be tender and juicy, maintaining and strengthening all its flavour!<\/p>\n<p>You will save on energy! Ceramic, compared to other materials, has the ability to retain heat for a longer time, so it allows heating at a lower heat and even to finish cooking with the heat off.<\/p>\n<p>Super versatile! You can use it wherever you want and whenever you want. To serve on the table, store food in the fridge or freezer, cook in the oven, ceramic hob, gas, induction, electric hob, on a barbecue, grill, or microwave.<\/p>\n<p>Made in Italy<\/p>\n<p>Material: Gres ceramic suitable for flame<\/p>\n<p>The raw material for flame-safe stoneware has a special formula and it is fired at extremely high temperatures. The result is a much harder ceramic, resistant to thermal shock and durable. Which makes it an ideal material for cooking and to use in the kitchen.<\/p>\n<p>At KUOKO we try to take care of the environment. The product will arrive packaged without any plastic in a recycled cardboard box and with 100% recyclable, biodegradable and compostable packaging chips that dissolve in water. Help us help the environment and make sure you recycle to give our packaging another life!<\/p>\n<p>Ceramic utensils, as long as they are well cared for, will last a lifetime but, if you want to get rid of them, take them to your nearest green point.[\/vc_column_text][\/vc_column][\/vc_row][vc_row][vc_column][vc_column_text]<\/p>\n<p>[\/vc_column_text][\/vc_column][\/vc_row][vc_row][vc_column][vc_row_inner content_placement=&#8221;top&#8221; gap=&#8221;10&#8243; row_reverse_mobile=&#8221;0&#8243; row_reverse_tablet=&#8221;0&#8243;][vc_column_inner width=&#8221;1\/4&#8243; woodmart_text_align=&#8221;center&#8221;]\t\t\t<div class=\"info-box-wrapper\">\n\t\t\t\t<div id=\"wd-632af9ca43d2b\" class=\" wd-rs-632af9ca43d2b wd-info-box wd-wpb text-center box-icon-align-top box-style- color-scheme- wd-bg-none \">\n\t\t\t\t\t\t\t\t\t\t\t<div class=\"box-icon-wrapper  box-with-icon box-icon-simple\">\n\t\t\t\t\t\t\t<div class=\"info-box-icon\">\n\t\t\t\t\t\t\t\t<img loading=\"lazy\" decoding=\"async\" width=\"75\" height=\"75\" src=\"https:\/\/kuokokitchen.com\/wp-content\/uploads\/pictos_apto_microondas_gris-75x75.png\" class=\"attachment-75x75 size-75x75\" alt=\"\" \/>\t\t\t\t\t\t\t<\/div>\n\t\t\t\t\t\t<\/div>\n\t\t\t\t\t\t\t\t\t\t<div class=\"info-box-content\">\n\t\t\t\t\t\t\t\t\t\t\t\t<div class=\"info-box-inner reset-last-child\"><p>Microwave safe<\/p>\n<\/div>\n\n\t\t\t\t\t\t\t\t\t\t\t<\/div>\n\n\t\t\t\t\t\n\t\t\t\t\t\t\t\t\t<\/div>\n\t\t\t<\/div>\n\t\t[\/vc_column_inner][vc_column_inner width=&#8221;1\/4&#8243; woodmart_text_align=&#8221;right&#8221;]\t\t\t<div class=\"info-box-wrapper\">\n\t\t\t\t<div id=\"wd-632ac2319b511\" class=\" wd-rs-632ac2319b511 wd-info-box wd-wpb text-center box-icon-align-top box-style- color-scheme- wd-bg-none \">\n\t\t\t\t\t\t\t\t\t\t\t<div class=\"box-icon-wrapper  box-with-icon box-icon-simple\">\n\t\t\t\t\t\t\t<div class=\"info-box-icon\">\n\t\t\t\t\t\t\t\t<img loading=\"lazy\" decoding=\"async\" width=\"75\" height=\"75\" src=\"https:\/\/kuokokitchen.com\/wp-content\/uploads\/pictos_apto_lavavajillas_gris-75x75.png\" class=\"attachment-75x75 size-75x75\" alt=\"\" \/>\t\t\t\t\t\t\t<\/div>\n\t\t\t\t\t\t<\/div>\n\t\t\t\t\t\t\t\t\t\t<div class=\"info-box-content\">\n\t\t\t\t\t\t\t\t\t\t\t\t<div class=\"info-box-inner reset-last-child\"><p>Dishwasher safe<\/p>\n<\/div>\n\n\t\t\t\t\t\t\t\t\t\t\t<\/div>\n\n\t\t\t\t\t\n\t\t\t\t\t\t\t\t\t<\/div>\n\t\t\t<\/div>\n\t\t[\/vc_column_inner][vc_column_inner width=&#8221;1\/4&#8243; woodmart_text_align=&#8221;center&#8221;]\t\t\t<div class=\"info-box-wrapper\">\n\t\t\t\t<div id=\"wd-632af2c1cb09e\" class=\" wd-rs-632af2c1cb09e wd-info-box wd-wpb text-center box-icon-align-top box-style- color-scheme- wd-bg-none \">\n\t\t\t\t\t\t\t\t\t\t\t<div class=\"box-icon-wrapper  box-with-icon box-icon-simple\">\n\t\t\t\t\t\t\t<div class=\"info-box-icon\">\n\t\t\t\t\t\t\t\t<img loading=\"lazy\" decoding=\"async\" width=\"75\" height=\"75\" src=\"https:\/\/kuokokitchen.com\/wp-content\/uploads\/pictos_apto_horno_gris-75x75.png\" class=\"attachment-75x75 size-75x75\" alt=\"\" \/>\t\t\t\t\t\t\t<\/div>\n\t\t\t\t\t\t<\/div>\n\t\t\t\t\t\t\t\t\t\t<div class=\"info-box-content\">\n\t\t\t\t\t\t\t\t\t\t\t\t<div class=\"info-box-inner reset-last-child\"><p>Oven safe<\/p>\n<\/div>\n\n\t\t\t\t\t\t\t\t\t\t\t<\/div>\n\n\t\t\t\t\t\n\t\t\t\t\t\t\t\t\t<\/div>\n\t\t\t<\/div>\n\t\t[\/vc_column_inner][vc_column_inner width=&#8221;1\/4&#8243; woodmart_text_align=&#8221;center&#8221;]\t\t\t<div class=\"info-box-wrapper\">\n\t\t\t\t<div id=\"wd-632afe5c6fddf\" class=\" wd-rs-632afe5c6fddf wd-info-box wd-wpb text-center box-icon-align-top box-style- color-scheme- wd-bg-none \">\n\t\t\t\t\t\t\t\t\t\t\t<div class=\"box-icon-wrapper  box-with-icon box-icon-simple\">\n\t\t\t\t\t\t\t<div class=\"info-box-icon\">\n\t\t\t\t\t\t\t\t<img loading=\"lazy\" decoding=\"async\" width=\"75\" height=\"75\" src=\"https:\/\/kuokokitchen.com\/wp-content\/uploads\/pictos_apto_cocina_gas_gris-75x75.png\" class=\"attachment-75x75 size-75x75\" alt=\"\" \/>\t\t\t\t\t\t\t<\/div>\n\t\t\t\t\t\t<\/div>\n\t\t\t\t\t\t\t\t\t\t<div class=\"info-box-content\">\n\t\t\t\t\t\t\t\t\t\t\t\t<div class=\"info-box-inner reset-last-child\"><p>Fit for fire and fire stove<\/p>\n<\/div>\n\n\t\t\t\t\t\t\t\t\t\t\t<\/div>\n\n\t\t\t\t\t\n\t\t\t\t\t\t\t\t\t<\/div>\n\t\t\t<\/div>\n\t\t[\/vc_column_inner][\/vc_row_inner][\/vc_column][\/vc_row][vc_row][vc_column][vc_row_inner content_placement=&#8221;top&#8221; gap=&#8221;10&#8243; row_reverse_mobile=&#8221;0&#8243; row_reverse_tablet=&#8221;0&#8243;][vc_column_inner width=&#8221;1\/4&#8243; woodmart_text_align=&#8221;center&#8221;]\t\t\t<div class=\"info-box-wrapper\">\n\t\t\t\t<div id=\"wd-632afcf34b7af\" class=\" wd-rs-632afcf34b7af wd-info-box wd-wpb text-center box-icon-align-top box-style- color-scheme- wd-bg-none \">\n\t\t\t\t\t\t\t\t\t\t\t<div class=\"box-icon-wrapper  box-with-icon box-icon-simple\">\n\t\t\t\t\t\t\t<div class=\"info-box-icon\">\n\t\t\t\t\t\t\t\t<img loading=\"lazy\" decoding=\"async\" width=\"75\" height=\"75\" src=\"https:\/\/kuokokitchen.com\/wp-content\/uploads\/pictos_apto_cocina_vitro_gris-75x75.png\" class=\"attachment-75x75 size-75x75\" alt=\"\" \/>\t\t\t\t\t\t\t<\/div>\n\t\t\t\t\t\t<\/div>\n\t\t\t\t\t\t\t\t\t\t<div class=\"info-box-content\">\n\t\t\t\t\t\t\t\t\t\t\t\t<div class=\"info-box-inner reset-last-child\"><p>Fit for glass stove tops<\/p>\n<\/div>\n\n\t\t\t\t\t\t\t\t\t\t\t<\/div>\n\n\t\t\t\t\t\n\t\t\t\t\t\t\t\t\t<\/div>\n\t\t\t<\/div>\n\t\t[\/vc_column_inner][vc_column_inner width=&#8221;1\/4&#8243; woodmart_text_align=&#8221;right&#8221;]\t\t\t<div class=\"info-box-wrapper\">\n\t\t\t\t<div id=\"wd-632afcc6c3e35\" class=\" wd-rs-632afcc6c3e35 wd-info-box wd-wpb text-center box-icon-align-top box-style- color-scheme- wd-bg-none \">\n\t\t\t\t\t\t\t\t\t\t\t<div class=\"box-icon-wrapper  box-with-icon box-icon-simple\">\n\t\t\t\t\t\t\t<div class=\"info-box-icon\">\n\t\t\t\t\t\t\t\t<img loading=\"lazy\" decoding=\"async\" width=\"75\" height=\"75\" src=\"https:\/\/kuokokitchen.com\/wp-content\/uploads\/pictos_apto_cocina_induccion_gris-75x75.png\" class=\"attachment-75x75 size-75x75\" alt=\"\" \/>\t\t\t\t\t\t\t<\/div>\n\t\t\t\t\t\t<\/div>\n\t\t\t\t\t\t\t\t\t\t<div class=\"info-box-content\">\n\t\t\t\t\t\t\t\t\t\t\t\t<div class=\"info-box-inner reset-last-child\"><p>Fit for induction stove<\/p>\n<\/div>\n\n\t\t\t\t\t\t\t\t\t\t\t<\/div>\n\n\t\t\t\t\t\n\t\t\t\t\t\t\t\t\t<\/div>\n\t\t\t<\/div>\n\t\t[\/vc_column_inner][vc_column_inner width=&#8221;1\/4&#8243; woodmart_text_align=&#8221;center&#8221;]\t\t\t<div class=\"info-box-wrapper\">\n\t\t\t\t<div id=\"wd-632afe7920168\" class=\" wd-rs-632afe7920168 wd-info-box wd-wpb text-center box-icon-align-top box-style- color-scheme- wd-bg-none \">\n\t\t\t\t\t\t\t\t\t\t\t<div class=\"box-icon-wrapper  box-with-icon box-icon-simple\">\n\t\t\t\t\t\t\t<div class=\"info-box-icon\">\n\t\t\t\t\t\t\t\t<img loading=\"lazy\" decoding=\"async\" width=\"75\" height=\"75\" src=\"https:\/\/kuokokitchen.com\/wp-content\/uploads\/pictos_apto_barbacoa_fuego_gris-75x75.png\" class=\"attachment-75x75 size-75x75\" alt=\"\" \/>\t\t\t\t\t\t\t<\/div>\n\t\t\t\t\t\t<\/div>\n\t\t\t\t\t\t\t\t\t\t<div class=\"info-box-content\">\n\t\t\t\t\t\t\t\t\t\t\t\t<div class=\"info-box-inner reset-last-child\"><p>BBQ friendly<\/p>\n<\/div>\n\n\t\t\t\t\t\t\t\t\t\t\t<\/div>\n\n\t\t\t\t\t\n\t\t\t\t\t\t\t\t\t<\/div>\n\t\t\t<\/div>\n\t\t[\/vc_column_inner][vc_column_inner width=&#8221;1\/4&#8243; woodmart_text_align=&#8221;center&#8221;]\t\t\t<div class=\"info-box-wrapper\">\n\t\t\t\t<div id=\"wd-632af33052c49\" class=\" wd-rs-632af33052c49 wd-info-box wd-wpb text-center box-icon-align-top box-style- color-scheme- wd-bg-none \">\n\t\t\t\t\t\t\t\t\t\t\t<div class=\"box-icon-wrapper  box-with-icon box-icon-simple\">\n\t\t\t\t\t\t\t<div class=\"info-box-icon\">\n\t\t\t\t\t\t\t\t<img loading=\"lazy\" decoding=\"async\" width=\"75\" height=\"75\" src=\"https:\/\/kuokokitchen.com\/wp-content\/uploads\/pictos_apto_nevera_gris-75x75.png\" class=\"attachment-75x75 size-75x75\" alt=\"\" \/>\t\t\t\t\t\t\t<\/div>\n\t\t\t\t\t\t<\/div>\n\t\t\t\t\t\t\t\t\t\t<div class=\"info-box-content\">\n\t\t\t\t\t\t\t\t\t\t\t\t<div class=\"info-box-inner reset-last-child\"><p>Fridge safe<\/p>\n<\/div>\n\n\t\t\t\t\t\t\t\t\t\t\t<\/div>\n\n\t\t\t\t\t\n\t\t\t\t\t\t\t\t\t<\/div>\n\t\t\t<\/div>\n\t\t[\/vc_column_inner][\/vc_row_inner][\/vc_column][\/vc_row]<\/p>\n<\/div>","protected":false},"excerpt":{"rendered":"<p>With the toxic-free KUOKO ceramic saucepan, you will cook incredible delicious and healthy recipes. The low sides and round, flat base make it perfect for cooking everything from risottos and curries, to saut\u00e9s, roasts, meats, and much more!<\/p>\n","protected":false},"featured_media":8465,"template":"","meta":{"_themeisle_gutenberg_block_has_review":false},"product_brand":[],"product_cat":[565,563,898],"product_tag":[597],"class_list":{"0":"post-7875","1":"product","2":"type-product","3":"status-publish","4":"has-post-thumbnail","6":"product_cat-casseroles","7":"product_cat-cooking-and-baking","8":"product_cat-kitchen-products","9":"product_tag-best-sellers","10":"pa_material-gres-ceramic","12":"first","13":"instock","14":"taxable","15":"shipping-taxable","16":"purchasable","17":"product-type-variable"},"yoast_head":"<!-- This site is optimized with the Yoast SEO plugin v27.1.1 - https:\/\/yoast.com\/product\/yoast-seo-wordpress\/ -->\n<title>Buy Low casserole yellow \u00d829,5cm | Kuoko Kitchen Things<\/title>\n<meta name=\"description\" content=\"Looking for a ceramic Low casserole yellow \u00d829,5cm? Visit our KUOKO store and find toxic-free, high quality utensils. Buy Low casserole yellow \u00d829,5cm now!\" \/>\n<meta name=\"robots\" content=\"index, follow, max-snippet:-1, max-image-preview:large, max-video-preview:-1\" \/>\n<link rel=\"canonical\" href=\"https:\/\/kuokokitchen.com\/en\/casseroles\/low-casserole-yellow-o295cm\/\" \/>\n<meta property=\"og:locale\" content=\"en_US\" \/>\n<meta property=\"og:type\" content=\"article\" \/>\n<meta property=\"og:title\" content=\"Buy Low casserole yellow \u00d829,5cm | Kuoko Kitchen Things\" \/>\n<meta property=\"og:description\" content=\"Looking for a ceramic Low casserole yellow \u00d829,5cm? Visit our KUOKO store and find toxic-free, high quality utensils. Buy Low casserole yellow \u00d829,5cm now!\" \/>\n<meta property=\"og:url\" content=\"https:\/\/kuokokitchen.com\/en\/casseroles\/low-casserole-yellow-o295cm\/\" \/>\n<meta property=\"og:site_name\" content=\"Kuoko Kitchen Things\" \/>\n<meta property=\"article:modified_time\" content=\"2024-07-25T06:58:52+00:00\" \/>\n<meta property=\"og:image\" content=\"https:\/\/kuokokitchen.com\/wp-content\/uploads\/cacerola-amarilla-ceramica-cocinar-tradicional-natural-saludable.webp\" \/>\n\t<meta property=\"og:image:width\" content=\"1200\" \/>\n\t<meta property=\"og:image:height\" content=\"1254\" \/>\n\t<meta property=\"og:image:type\" content=\"image\/webp\" \/>\n<meta name=\"twitter:card\" content=\"summary_large_image\" \/>\n<meta name=\"twitter:label1\" content=\"Est. reading time\" \/>\n\t<meta name=\"twitter:data1\" content=\"3 minutes\" \/>\n<script type=\"application\/ld+json\" class=\"yoast-schema-graph\">{\"@context\":\"https:\/\/schema.org\",\"@graph\":[{\"@type\":\"WebPage\",\"@id\":\"https:\/\/kuokokitchen.com\/en\/casseroles\/low-casserole-yellow-o295cm\/\",\"url\":\"https:\/\/kuokokitchen.com\/en\/casseroles\/low-casserole-yellow-o295cm\/\",\"name\":\"Buy Low casserole yellow \u00d829,5cm | Kuoko Kitchen Things\",\"isPartOf\":{\"@id\":\"https:\/\/kuokokitchen.com\/en\/#website\"},\"primaryImageOfPage\":{\"@id\":\"https:\/\/kuokokitchen.com\/en\/casseroles\/low-casserole-yellow-o295cm\/#primaryimage\"},\"image\":{\"@id\":\"https:\/\/kuokokitchen.com\/en\/casseroles\/low-casserole-yellow-o295cm\/#primaryimage\"},\"thumbnailUrl\":\"https:\/\/kuokokitchen.com\/wp-content\/uploads\/cacerola-amarilla-ceramica-cocinar-tradicional-natural-saludable.webp\",\"datePublished\":\"2022-08-16T11:48:59+00:00\",\"dateModified\":\"2024-07-25T06:58:52+00:00\",\"description\":\"Looking for a ceramic Low casserole yellow \u00d829,5cm? Visit our KUOKO store and find toxic-free, high quality utensils. Buy Low casserole yellow \u00d829,5cm now!\",\"breadcrumb\":{\"@id\":\"https:\/\/kuokokitchen.com\/en\/casseroles\/low-casserole-yellow-o295cm\/#breadcrumb\"},\"inLanguage\":\"en-US\",\"potentialAction\":[{\"@type\":\"ReadAction\",\"target\":[\"https:\/\/kuokokitchen.com\/en\/casseroles\/low-casserole-yellow-o295cm\/\"]}]},{\"@type\":\"ImageObject\",\"inLanguage\":\"en-US\",\"@id\":\"https:\/\/kuokokitchen.com\/en\/casseroles\/low-casserole-yellow-o295cm\/#primaryimage\",\"url\":\"https:\/\/kuokokitchen.com\/wp-content\/uploads\/cacerola-amarilla-ceramica-cocinar-tradicional-natural-saludable.webp\",\"contentUrl\":\"https:\/\/kuokokitchen.com\/wp-content\/uploads\/cacerola-amarilla-ceramica-cocinar-tradicional-natural-saludable.webp\",\"width\":1200,\"height\":1254},{\"@type\":\"BreadcrumbList\",\"@id\":\"https:\/\/kuokokitchen.com\/en\/casseroles\/low-casserole-yellow-o295cm\/#breadcrumb\",\"itemListElement\":[{\"@type\":\"ListItem\",\"position\":1,\"name\":\"Home\",\"item\":\"https:\/\/kuokokitchen.com\/en\/home-decor\/\"},{\"@type\":\"ListItem\",\"position\":2,\"name\":\"Shop\",\"item\":\"https:\/\/kuokokitchen.com\/en\/shop\/\"},{\"@type\":\"ListItem\",\"position\":3,\"name\":\"Low casserole yellow \u00d829,5cm\"}]},{\"@type\":\"WebSite\",\"@id\":\"https:\/\/kuokokitchen.com\/en\/#website\",\"url\":\"https:\/\/kuokokitchen.com\/en\/\",\"name\":\"Kuoko Kitchen Things\",\"description\":\"Utensilios de cocina libre de t\u00f3xicos\",\"potentialAction\":[{\"@type\":\"SearchAction\",\"target\":{\"@type\":\"EntryPoint\",\"urlTemplate\":\"https:\/\/kuokokitchen.com\/en\/?s={search_term_string}\"},\"query-input\":{\"@type\":\"PropertyValueSpecification\",\"valueRequired\":true,\"valueName\":\"search_term_string\"}}],\"inLanguage\":\"en-US\"}]}<\/script>\n<!-- \/ Yoast SEO plugin. -->","yoast_head_json":{"title":"Buy Low casserole yellow \u00d829,5cm | Kuoko Kitchen Things","description":"Looking for a ceramic Low casserole yellow \u00d829,5cm? Visit our KUOKO store and find toxic-free, high quality utensils. Buy Low casserole yellow \u00d829,5cm now!","robots":{"index":"index","follow":"follow","max-snippet":"max-snippet:-1","max-image-preview":"max-image-preview:large","max-video-preview":"max-video-preview:-1"},"canonical":"https:\/\/kuokokitchen.com\/en\/casseroles\/low-casserole-yellow-o295cm\/","og_locale":"en_US","og_type":"article","og_title":"Buy Low casserole yellow \u00d829,5cm | Kuoko Kitchen Things","og_description":"Looking for a ceramic Low casserole yellow \u00d829,5cm? Visit our KUOKO store and find toxic-free, high quality utensils. Buy Low casserole yellow \u00d829,5cm now!","og_url":"https:\/\/kuokokitchen.com\/en\/casseroles\/low-casserole-yellow-o295cm\/","og_site_name":"Kuoko Kitchen Things","article_modified_time":"2024-07-25T06:58:52+00:00","og_image":[{"width":1200,"height":1254,"url":"https:\/\/kuokokitchen.com\/wp-content\/uploads\/cacerola-amarilla-ceramica-cocinar-tradicional-natural-saludable.webp","type":"image\/webp"}],"twitter_card":"summary_large_image","twitter_misc":{"Est. reading time":"3 minutes"},"schema":{"@context":"https:\/\/schema.org","@graph":[{"@type":"WebPage","@id":"https:\/\/kuokokitchen.com\/en\/casseroles\/low-casserole-yellow-o295cm\/","url":"https:\/\/kuokokitchen.com\/en\/casseroles\/low-casserole-yellow-o295cm\/","name":"Buy Low casserole yellow \u00d829,5cm | Kuoko Kitchen Things","isPartOf":{"@id":"https:\/\/kuokokitchen.com\/en\/#website"},"primaryImageOfPage":{"@id":"https:\/\/kuokokitchen.com\/en\/casseroles\/low-casserole-yellow-o295cm\/#primaryimage"},"image":{"@id":"https:\/\/kuokokitchen.com\/en\/casseroles\/low-casserole-yellow-o295cm\/#primaryimage"},"thumbnailUrl":"https:\/\/kuokokitchen.com\/wp-content\/uploads\/cacerola-amarilla-ceramica-cocinar-tradicional-natural-saludable.webp","datePublished":"2022-08-16T11:48:59+00:00","dateModified":"2024-07-25T06:58:52+00:00","description":"Looking for a ceramic Low casserole yellow \u00d829,5cm? Visit our KUOKO store and find toxic-free, high quality utensils. Buy Low casserole yellow \u00d829,5cm now!","breadcrumb":{"@id":"https:\/\/kuokokitchen.com\/en\/casseroles\/low-casserole-yellow-o295cm\/#breadcrumb"},"inLanguage":"en-US","potentialAction":[{"@type":"ReadAction","target":["https:\/\/kuokokitchen.com\/en\/casseroles\/low-casserole-yellow-o295cm\/"]}]},{"@type":"ImageObject","inLanguage":"en-US","@id":"https:\/\/kuokokitchen.com\/en\/casseroles\/low-casserole-yellow-o295cm\/#primaryimage","url":"https:\/\/kuokokitchen.com\/wp-content\/uploads\/cacerola-amarilla-ceramica-cocinar-tradicional-natural-saludable.webp","contentUrl":"https:\/\/kuokokitchen.com\/wp-content\/uploads\/cacerola-amarilla-ceramica-cocinar-tradicional-natural-saludable.webp","width":1200,"height":1254},{"@type":"BreadcrumbList","@id":"https:\/\/kuokokitchen.com\/en\/casseroles\/low-casserole-yellow-o295cm\/#breadcrumb","itemListElement":[{"@type":"ListItem","position":1,"name":"Home","item":"https:\/\/kuokokitchen.com\/en\/home-decor\/"},{"@type":"ListItem","position":2,"name":"Shop","item":"https:\/\/kuokokitchen.com\/en\/shop\/"},{"@type":"ListItem","position":3,"name":"Low casserole yellow \u00d829,5cm"}]},{"@type":"WebSite","@id":"https:\/\/kuokokitchen.com\/en\/#website","url":"https:\/\/kuokokitchen.com\/en\/","name":"Kuoko Kitchen Things","description":"Utensilios de cocina libre de t\u00f3xicos","potentialAction":[{"@type":"SearchAction","target":{"@type":"EntryPoint","urlTemplate":"https:\/\/kuokokitchen.com\/en\/?s={search_term_string}"},"query-input":{"@type":"PropertyValueSpecification","valueRequired":true,"valueName":"search_term_string"}}],"inLanguage":"en-US"}]}},"_links":{"self":[{"href":"https:\/\/kuokokitchen.com\/en\/wp-json\/wp\/v2\/product\/7875","targetHints":{"allow":["GET"]}}],"collection":[{"href":"https:\/\/kuokokitchen.com\/en\/wp-json\/wp\/v2\/product"}],"about":[{"href":"https:\/\/kuokokitchen.com\/en\/wp-json\/wp\/v2\/types\/product"}],"wp:featuredmedia":[{"embeddable":true,"href":"https:\/\/kuokokitchen.com\/en\/wp-json\/wp\/v2\/media\/8465"}],"wp:attachment":[{"href":"https:\/\/kuokokitchen.com\/en\/wp-json\/wp\/v2\/media?parent=7875"}],"wp:term":[{"taxonomy":"product_brand","embeddable":true,"href":"https:\/\/kuokokitchen.com\/en\/wp-json\/wp\/v2\/product_brand?post=7875"},{"taxonomy":"product_cat","embeddable":true,"href":"https:\/\/kuokokitchen.com\/en\/wp-json\/wp\/v2\/product_cat?post=7875"},{"taxonomy":"product_tag","embeddable":true,"href":"https:\/\/kuokokitchen.com\/en\/wp-json\/wp\/v2\/product_tag?post=7875"}],"curies":[{"name":"wp","href":"https:\/\/api.w.org\/{rel}","templated":true}]}}