{"id":7886,"date":"2022-08-16T13:48:59","date_gmt":"2022-08-16T11:48:59","guid":{"rendered":"https:\/\/kuokokitchen.com\/uncategorized\/salad-bowl-blue-o26cm\/"},"modified":"2024-07-25T10:44:45","modified_gmt":"2024-07-25T08:44:45","slug":"salad-bowl-blue-o26cm","status":"publish","type":"product","link":"https:\/\/kuokokitchen.com\/en\/bowls\/salad-bowl-blue-o26cm\/","title":{"rendered":"Salad bowl blue \u00d826cm"},"content":{"rendered":"<div class=\"wpb-content-wrapper\"><p>[vc_row][vc_column][vc_column_text woodmart_inline=&#8221;no&#8221; text_larger=&#8221;no&#8221;]Made in Italy<\/p>\n<p>Material: Gres ceramic.<\/p>\n<p>Gres ceramic is a much harder ceramic, impermeable, resistant to thermal shock and durable. Which makes it an ideal material to use in the kitchen.<\/p>\n<p>This bowl made of ceramic is great for mixing dry or wet ingredients, it is wide and big, so you can comfortably manipulate the mix with your hands or help of utensils. Ceramic is inert and does not react with your food, so the flavour of your food will not be altered by the material it is manipulated in.<\/p>\n<p>At KUOKO we try to take care of the environment. The product will arrive packaged without any plastic in a recycled cardboard box and with 100% recyclable, biodegradable and compostable packaging chips that dissolve in water. Help us keep this rhythm up and be sure to recycle to give all our packaging another life!<\/p>\n<p>These utensils, as long as they are well cared for, will last a lifetime but, if you want to get rid of them, take them to your nearest green point.[\/vc_column_text][\/vc_column][\/vc_row][vc_row][vc_column][vc_column_text]<\/p>\n<p>[\/vc_column_text][\/vc_column][\/vc_row][vc_row][vc_column][vc_row_inner content_placement=&#8221;top&#8221; gap=&#8221;10&#8243; row_reverse_mobile=&#8221;0&#8243; row_reverse_tablet=&#8221;0&#8243;][vc_column_inner width=&#8221;1\/4&#8243; woodmart_text_align=&#8221;center&#8221;]\t\t\t<div class=\"info-box-wrapper\">\n\t\t\t\t<div id=\"wd-632af9ca43d2b\" class=\" wd-rs-632af9ca43d2b wd-info-box wd-wpb text-center box-icon-align-top box-style- color-scheme- wd-bg-none \">\n\t\t\t\t\t\t\t\t\t\t\t<div class=\"box-icon-wrapper  box-with-icon box-icon-simple\">\n\t\t\t\t\t\t\t<div class=\"info-box-icon\">\n\t\t\t\t\t\t\t\t<img loading=\"lazy\" decoding=\"async\" width=\"75\" height=\"75\" src=\"https:\/\/kuokokitchen.com\/wp-content\/uploads\/pictos_apto_microondas_gris-75x75.png\" class=\"attachment-75x75 size-75x75\" alt=\"\" \/>\t\t\t\t\t\t\t<\/div>\n\t\t\t\t\t\t<\/div>\n\t\t\t\t\t\t\t\t\t\t<div class=\"info-box-content\">\n\t\t\t\t\t\t\t\t\t\t\t\t<div class=\"info-box-inner reset-last-child\"><p>Microwave safe<\/p>\n<\/div>\n\n\t\t\t\t\t\t\t\t\t\t\t<\/div>\n\n\t\t\t\t\t\n\t\t\t\t\t\t\t\t\t<\/div>\n\t\t\t<\/div>\n\t\t[\/vc_column_inner][vc_column_inner width=&#8221;1\/4&#8243; woodmart_text_align=&#8221;right&#8221;]\t\t\t<div class=\"info-box-wrapper\">\n\t\t\t\t<div id=\"wd-632ac2319b511\" class=\" wd-rs-632ac2319b511 wd-info-box wd-wpb text-center box-icon-align-top box-style- color-scheme- wd-bg-none \">\n\t\t\t\t\t\t\t\t\t\t\t<div class=\"box-icon-wrapper  box-with-icon box-icon-simple\">\n\t\t\t\t\t\t\t<div class=\"info-box-icon\">\n\t\t\t\t\t\t\t\t<img loading=\"lazy\" decoding=\"async\" width=\"75\" height=\"75\" src=\"https:\/\/kuokokitchen.com\/wp-content\/uploads\/pictos_apto_lavavajillas_gris-75x75.png\" class=\"attachment-75x75 size-75x75\" alt=\"\" \/>\t\t\t\t\t\t\t<\/div>\n\t\t\t\t\t\t<\/div>\n\t\t\t\t\t\t\t\t\t\t<div class=\"info-box-content\">\n\t\t\t\t\t\t\t\t\t\t\t\t<div class=\"info-box-inner reset-last-child\"><p>Dishwasher safe<\/p>\n<\/div>\n\n\t\t\t\t\t\t\t\t\t\t\t<\/div>\n\n\t\t\t\t\t\n\t\t\t\t\t\t\t\t\t<\/div>\n\t\t\t<\/div>\n\t\t[\/vc_column_inner][vc_column_inner width=&#8221;1\/4&#8243; woodmart_text_align=&#8221;center&#8221;]\t\t\t<div class=\"info-box-wrapper\">\n\t\t\t\t<div id=\"wd-632af2c1cb09e\" class=\" wd-rs-632af2c1cb09e wd-info-box wd-wpb text-center box-icon-align-top box-style- color-scheme- wd-bg-none \">\n\t\t\t\t\t\t\t\t\t\t\t<div class=\"box-icon-wrapper  box-with-icon box-icon-simple\">\n\t\t\t\t\t\t\t<div class=\"info-box-icon\">\n\t\t\t\t\t\t\t\t<img loading=\"lazy\" decoding=\"async\" width=\"75\" height=\"75\" src=\"https:\/\/kuokokitchen.com\/wp-content\/uploads\/pictos_apto_horno_gris-75x75.png\" class=\"attachment-75x75 size-75x75\" alt=\"\" \/>\t\t\t\t\t\t\t<\/div>\n\t\t\t\t\t\t<\/div>\n\t\t\t\t\t\t\t\t\t\t<div class=\"info-box-content\">\n\t\t\t\t\t\t\t\t\t\t\t\t<div class=\"info-box-inner reset-last-child\"><p>Oven safe<\/p>\n<\/div>\n\n\t\t\t\t\t\t\t\t\t\t\t<\/div>\n\n\t\t\t\t\t\n\t\t\t\t\t\t\t\t\t<\/div>\n\t\t\t<\/div>\n\t\t[\/vc_column_inner][vc_column_inner width=&#8221;1\/4&#8243; woodmart_text_align=&#8221;center&#8221;]\t\t\t<div class=\"info-box-wrapper\">\n\t\t\t\t<div id=\"wd-632af33052c49\" class=\" wd-rs-632af33052c49 wd-info-box wd-wpb text-center box-icon-align-top box-style- color-scheme- wd-bg-none \">\n\t\t\t\t\t\t\t\t\t\t\t<div class=\"box-icon-wrapper  box-with-icon box-icon-simple\">\n\t\t\t\t\t\t\t<div class=\"info-box-icon\">\n\t\t\t\t\t\t\t\t<img loading=\"lazy\" decoding=\"async\" width=\"75\" height=\"75\" src=\"https:\/\/kuokokitchen.com\/wp-content\/uploads\/pictos_apto_nevera_gris-75x75.png\" class=\"attachment-75x75 size-75x75\" alt=\"\" \/>\t\t\t\t\t\t\t<\/div>\n\t\t\t\t\t\t<\/div>\n\t\t\t\t\t\t\t\t\t\t<div class=\"info-box-content\">\n\t\t\t\t\t\t\t\t\t\t\t\t<div class=\"info-box-inner reset-last-child\"><p>Fridge safe<\/p>\n<\/div>\n\n\t\t\t\t\t\t\t\t\t\t\t<\/div>\n\n\t\t\t\t\t\n\t\t\t\t\t\t\t\t\t<\/div>\n\t\t\t<\/div>\n\t\t[\/vc_column_inner][\/vc_row_inner][\/vc_column][\/vc_row]<\/p>\n<\/div>","protected":false},"excerpt":{"rendered":"<p>Use this small ceramic bowl for serving, mixing or whatever you need. You can also use it to heat or cook in the oven or microwave!<\/p>\n","protected":false},"featured_media":8875,"template":"","meta":{"_themeisle_gutenberg_block_has_review":false},"product_brand":[],"product_cat":[561,898,560],"product_tag":[],"class_list":{"0":"post-7886","1":"product","2":"type-product","3":"status-publish","4":"has-post-thumbnail","6":"product_cat-bowls","7":"product_cat-kitchen-products","8":"product_cat-tableware","9":"pa_material-gres-ceramic","11":"first","12":"instock","13":"taxable","14":"shipping-taxable","15":"purchasable","16":"product-type-simple"},"yoast_head":"<!-- This site is optimized with the Yoast SEO plugin v27.3 - https:\/\/yoast.com\/product\/yoast-seo-wordpress\/ -->\n<title>Buy Salad bowl blue \u00d826cm | Kuoko Kitchen Things<\/title>\n<meta name=\"description\" content=\"Looking for a ceramic Mixing or Salad bowl blue \u00d826cm? Visit KUOKO and find high quality, toxic-free utensils. Buy Salad bowl blue \u00d826cm now!\" \/>\n<meta name=\"robots\" content=\"index, follow, max-snippet:-1, max-image-preview:large, max-video-preview:-1\" \/>\n<link rel=\"canonical\" href=\"https:\/\/kuokokitchen.com\/en\/bowls\/salad-bowl-blue-o26cm\/\" \/>\n<meta property=\"og:locale\" content=\"en_US\" \/>\n<meta property=\"og:type\" content=\"article\" \/>\n<meta property=\"og:title\" content=\"Buy Salad bowl blue \u00d826cm | Kuoko Kitchen Things\" \/>\n<meta property=\"og:description\" content=\"Looking for a ceramic Mixing or Salad bowl blue \u00d826cm? Visit KUOKO and find high quality, toxic-free utensils. Buy Salad bowl blue \u00d826cm now!\" \/>\n<meta property=\"og:url\" content=\"https:\/\/kuokokitchen.com\/en\/bowls\/salad-bowl-blue-o26cm\/\" \/>\n<meta property=\"og:site_name\" content=\"Kuoko Kitchen Things\" \/>\n<meta property=\"article:modified_time\" content=\"2024-07-25T08:44:45+00:00\" \/>\n<meta property=\"og:image\" content=\"https:\/\/kuokokitchen.com\/wp-content\/uploads\/kuoko-bowl-cerami-big.webp\" \/>\n\t<meta property=\"og:image:width\" content=\"1000\" \/>\n\t<meta property=\"og:image:height\" content=\"756\" \/>\n\t<meta property=\"og:image:type\" content=\"image\/webp\" \/>\n<meta name=\"twitter:card\" content=\"summary_large_image\" \/>\n<meta name=\"twitter:label1\" content=\"Est. reading time\" \/>\n\t<meta name=\"twitter:data1\" content=\"1 minute\" \/>\n<script type=\"application\/ld+json\" class=\"yoast-schema-graph\">{\"@context\":\"https:\\\/\\\/schema.org\",\"@graph\":[{\"@type\":\"WebPage\",\"@id\":\"https:\\\/\\\/kuokokitchen.com\\\/en\\\/bowls\\\/salad-bowl-blue-o26cm\\\/\",\"url\":\"https:\\\/\\\/kuokokitchen.com\\\/en\\\/bowls\\\/salad-bowl-blue-o26cm\\\/\",\"name\":\"Buy Salad bowl blue \u00d826cm | Kuoko Kitchen Things\",\"isPartOf\":{\"@id\":\"https:\\\/\\\/kuokokitchen.com\\\/en\\\/#website\"},\"primaryImageOfPage\":{\"@id\":\"https:\\\/\\\/kuokokitchen.com\\\/en\\\/bowls\\\/salad-bowl-blue-o26cm\\\/#primaryimage\"},\"image\":{\"@id\":\"https:\\\/\\\/kuokokitchen.com\\\/en\\\/bowls\\\/salad-bowl-blue-o26cm\\\/#primaryimage\"},\"thumbnailUrl\":\"https:\\\/\\\/kuokokitchen.com\\\/wp-content\\\/uploads\\\/kuoko-bowl-cerami-big.webp\",\"datePublished\":\"2022-08-16T11:48:59+00:00\",\"dateModified\":\"2024-07-25T08:44:45+00:00\",\"description\":\"Looking for a ceramic Mixing or Salad bowl blue \u00d826cm? Visit KUOKO and find high quality, toxic-free utensils. Buy Salad bowl blue \u00d826cm now!\",\"breadcrumb\":{\"@id\":\"https:\\\/\\\/kuokokitchen.com\\\/en\\\/bowls\\\/salad-bowl-blue-o26cm\\\/#breadcrumb\"},\"inLanguage\":\"en-US\",\"potentialAction\":[{\"@type\":\"ReadAction\",\"target\":[\"https:\\\/\\\/kuokokitchen.com\\\/en\\\/bowls\\\/salad-bowl-blue-o26cm\\\/\"]}]},{\"@type\":\"ImageObject\",\"inLanguage\":\"en-US\",\"@id\":\"https:\\\/\\\/kuokokitchen.com\\\/en\\\/bowls\\\/salad-bowl-blue-o26cm\\\/#primaryimage\",\"url\":\"https:\\\/\\\/kuokokitchen.com\\\/wp-content\\\/uploads\\\/kuoko-bowl-cerami-big.webp\",\"contentUrl\":\"https:\\\/\\\/kuokokitchen.com\\\/wp-content\\\/uploads\\\/kuoko-bowl-cerami-big.webp\",\"width\":1000,\"height\":756},{\"@type\":\"BreadcrumbList\",\"@id\":\"https:\\\/\\\/kuokokitchen.com\\\/en\\\/bowls\\\/salad-bowl-blue-o26cm\\\/#breadcrumb\",\"itemListElement\":[{\"@type\":\"ListItem\",\"position\":1,\"name\":\"Home\",\"item\":\"https:\\\/\\\/kuokokitchen.com\\\/en\\\/home-decor\\\/\"},{\"@type\":\"ListItem\",\"position\":2,\"name\":\"Shop\",\"item\":\"https:\\\/\\\/kuokokitchen.com\\\/en\\\/shop\\\/\"},{\"@type\":\"ListItem\",\"position\":3,\"name\":\"Salad bowl blue \u00d826cm\"}]},{\"@type\":\"WebSite\",\"@id\":\"https:\\\/\\\/kuokokitchen.com\\\/en\\\/#website\",\"url\":\"https:\\\/\\\/kuokokitchen.com\\\/en\\\/\",\"name\":\"Kuoko Kitchen Things\",\"description\":\"Utensilios de cocina libre de t\u00f3xicos\",\"potentialAction\":[{\"@type\":\"SearchAction\",\"target\":{\"@type\":\"EntryPoint\",\"urlTemplate\":\"https:\\\/\\\/kuokokitchen.com\\\/en\\\/?s={search_term_string}\"},\"query-input\":{\"@type\":\"PropertyValueSpecification\",\"valueRequired\":true,\"valueName\":\"search_term_string\"}}],\"inLanguage\":\"en-US\"}]}<\/script>\n<!-- \/ Yoast SEO plugin. -->","yoast_head_json":{"title":"Buy Salad bowl blue \u00d826cm | Kuoko Kitchen Things","description":"Looking for a ceramic Mixing or Salad bowl blue \u00d826cm? Visit KUOKO and find high quality, toxic-free utensils. Buy Salad bowl blue \u00d826cm now!","robots":{"index":"index","follow":"follow","max-snippet":"max-snippet:-1","max-image-preview":"max-image-preview:large","max-video-preview":"max-video-preview:-1"},"canonical":"https:\/\/kuokokitchen.com\/en\/bowls\/salad-bowl-blue-o26cm\/","og_locale":"en_US","og_type":"article","og_title":"Buy Salad bowl blue \u00d826cm | Kuoko Kitchen Things","og_description":"Looking for a ceramic Mixing or Salad bowl blue \u00d826cm? Visit KUOKO and find high quality, toxic-free utensils. Buy Salad bowl blue \u00d826cm now!","og_url":"https:\/\/kuokokitchen.com\/en\/bowls\/salad-bowl-blue-o26cm\/","og_site_name":"Kuoko Kitchen Things","article_modified_time":"2024-07-25T08:44:45+00:00","og_image":[{"width":1000,"height":756,"url":"https:\/\/kuokokitchen.com\/wp-content\/uploads\/kuoko-bowl-cerami-big.webp","type":"image\/webp"}],"twitter_card":"summary_large_image","twitter_misc":{"Est. reading time":"1 minute"},"schema":{"@context":"https:\/\/schema.org","@graph":[{"@type":"WebPage","@id":"https:\/\/kuokokitchen.com\/en\/bowls\/salad-bowl-blue-o26cm\/","url":"https:\/\/kuokokitchen.com\/en\/bowls\/salad-bowl-blue-o26cm\/","name":"Buy Salad bowl blue \u00d826cm | Kuoko Kitchen Things","isPartOf":{"@id":"https:\/\/kuokokitchen.com\/en\/#website"},"primaryImageOfPage":{"@id":"https:\/\/kuokokitchen.com\/en\/bowls\/salad-bowl-blue-o26cm\/#primaryimage"},"image":{"@id":"https:\/\/kuokokitchen.com\/en\/bowls\/salad-bowl-blue-o26cm\/#primaryimage"},"thumbnailUrl":"https:\/\/kuokokitchen.com\/wp-content\/uploads\/kuoko-bowl-cerami-big.webp","datePublished":"2022-08-16T11:48:59+00:00","dateModified":"2024-07-25T08:44:45+00:00","description":"Looking for a ceramic Mixing or Salad bowl blue \u00d826cm? Visit KUOKO and find high quality, toxic-free utensils. Buy Salad bowl blue \u00d826cm now!","breadcrumb":{"@id":"https:\/\/kuokokitchen.com\/en\/bowls\/salad-bowl-blue-o26cm\/#breadcrumb"},"inLanguage":"en-US","potentialAction":[{"@type":"ReadAction","target":["https:\/\/kuokokitchen.com\/en\/bowls\/salad-bowl-blue-o26cm\/"]}]},{"@type":"ImageObject","inLanguage":"en-US","@id":"https:\/\/kuokokitchen.com\/en\/bowls\/salad-bowl-blue-o26cm\/#primaryimage","url":"https:\/\/kuokokitchen.com\/wp-content\/uploads\/kuoko-bowl-cerami-big.webp","contentUrl":"https:\/\/kuokokitchen.com\/wp-content\/uploads\/kuoko-bowl-cerami-big.webp","width":1000,"height":756},{"@type":"BreadcrumbList","@id":"https:\/\/kuokokitchen.com\/en\/bowls\/salad-bowl-blue-o26cm\/#breadcrumb","itemListElement":[{"@type":"ListItem","position":1,"name":"Home","item":"https:\/\/kuokokitchen.com\/en\/home-decor\/"},{"@type":"ListItem","position":2,"name":"Shop","item":"https:\/\/kuokokitchen.com\/en\/shop\/"},{"@type":"ListItem","position":3,"name":"Salad bowl blue \u00d826cm"}]},{"@type":"WebSite","@id":"https:\/\/kuokokitchen.com\/en\/#website","url":"https:\/\/kuokokitchen.com\/en\/","name":"Kuoko Kitchen Things","description":"Utensilios de cocina libre de t\u00f3xicos","potentialAction":[{"@type":"SearchAction","target":{"@type":"EntryPoint","urlTemplate":"https:\/\/kuokokitchen.com\/en\/?s={search_term_string}"},"query-input":{"@type":"PropertyValueSpecification","valueRequired":true,"valueName":"search_term_string"}}],"inLanguage":"en-US"}]}},"_links":{"self":[{"href":"https:\/\/kuokokitchen.com\/en\/wp-json\/wp\/v2\/product\/7886","targetHints":{"allow":["GET"]}}],"collection":[{"href":"https:\/\/kuokokitchen.com\/en\/wp-json\/wp\/v2\/product"}],"about":[{"href":"https:\/\/kuokokitchen.com\/en\/wp-json\/wp\/v2\/types\/product"}],"wp:featuredmedia":[{"embeddable":true,"href":"https:\/\/kuokokitchen.com\/en\/wp-json\/wp\/v2\/media\/8875"}],"wp:attachment":[{"href":"https:\/\/kuokokitchen.com\/en\/wp-json\/wp\/v2\/media?parent=7886"}],"wp:term":[{"taxonomy":"product_brand","embeddable":true,"href":"https:\/\/kuokokitchen.com\/en\/wp-json\/wp\/v2\/product_brand?post=7886"},{"taxonomy":"product_cat","embeddable":true,"href":"https:\/\/kuokokitchen.com\/en\/wp-json\/wp\/v2\/product_cat?post=7886"},{"taxonomy":"product_tag","embeddable":true,"href":"https:\/\/kuokokitchen.com\/en\/wp-json\/wp\/v2\/product_tag?post=7886"}],"curies":[{"name":"wp","href":"https:\/\/api.w.org\/{rel}","templated":true}]}}