{"id":7931,"date":"2022-08-16T13:48:59","date_gmt":"2022-08-16T11:48:59","guid":{"rendered":"https:\/\/kuokokitchen.com\/uncategorized\/medium-slotted-spoon\/"},"modified":"2025-01-21T00:33:46","modified_gmt":"2025-01-20T22:33:46","slug":"medium-slotted-spoon","status":"publish","type":"product","link":"https:\/\/kuokokitchen.com\/en\/strainers\/medium-slotted-spoon\/","title":{"rendered":"Medium slotted spoon"},"content":{"rendered":"<div class=\"wpb-content-wrapper\"><p>[vc_row][vc_column][vc_column_text woodmart_inline=&#8221;no&#8221; text_larger=&#8221;no&#8221;]Ideal y pr\u00e1ctico colador con mango y gancho en la parte frontal para filtrar y\/o escurrir alimentos. El mango largo con gancho frontal permite que puedas apoyarlo mientras se usa dentro de una olla peque\u00f1a, bol o vaso. Ideal para facilitar su manejo \u00a1y que no te quedes sin manos en la cocina!<\/p>\n<p>Dise\u00f1o apilable con los de \u00d820,5cms i el colador mediano de \u00d811cms.<br \/>\nFabricado en Corea del Sur<\/p>\n<p>Material: Acero inoxidable de alta calidad. El acero inoxidable es genial para usar como utensilio de cocina ya que es muy resistente y, usado de forma habitual y sin someterlo a situaciones extremas, no libera metales pesados.<\/p>\n<p>En KUOKO intentamos cuidar al m\u00e1ximo del medio ambiente. El producto te llegar\u00e1 envasado sin nada de pl\u00e1stico en una caja de cart\u00f3n reciclado. \u00a1Ay\u00fadanos a mantener esta cadena y aseg\u00farate de reciclar para darle otra vida a todo nuestro packaging!<\/p>\n<p>El acero inoxidable es un material 100% reciclable. Estos utensilios, siempre que esten bien cuidados, son para toda la vida pero, si quieres deshacerte de ellos, ll\u00e9valos a tu punto verde m\u00e1s cercano \u00a1y dale otra vida al material! Lavar antes de usar.<br \/>\nTotalmente apto para el lavavajillas.<br \/>\nEn caso de lavar a mano, usar un jab\u00f3n suave y una esponja no abrasiva para evitar rallar el material.<br \/>\nNunca limpiar el acero inoxidable con sustancias corrosivas, sustancias muy \u00e1cidas, o sustancias muy alcalinas.<br \/>\nRecomendamos no guardar el utensilio hasta que no est\u00e9 completamente seco.<br \/>\nNo apto para el microondas.[\/vc_column_text][\/vc_column][\/vc_row][vc_row][vc_column][vc_column_text]<\/p>\n<p>[\/vc_column_text][\/vc_column][\/vc_row][vc_row][vc_column][vc_row_inner content_placement=&#8221;top&#8221; gap=&#8221;10&#8243; row_reverse_mobile=&#8221;0&#8243; row_reverse_tablet=&#8221;0&#8243;][vc_column_inner width=&#8221;1\/4&#8243; woodmart_text_align=&#8221;center&#8221;]\t\t\t<div class=\"info-box-wrapper\">\n\t\t\t\t<div id=\"wd-632ac22adda04\" class=\" wd-rs-632ac22adda04 wd-info-box wd-wpb text-center box-icon-align-top box-style- color-scheme- wd-bg-none \">\n\t\t\t\t\t\t\t\t\t\t\t<div class=\"box-icon-wrapper  box-with-icon box-icon-simple\">\n\t\t\t\t\t\t\t<div class=\"info-box-icon\">\n\t\t\t\t\t\t\t\t<img loading=\"lazy\" decoding=\"async\" width=\"75\" height=\"75\" src=\"https:\/\/kuokokitchen.com\/wp-content\/uploads\/plastic_free_gris.png\" class=\"attachment-800x600 size-800x600\" alt=\"\" \/>\t\t\t\t\t\t\t<\/div>\n\t\t\t\t\t\t<\/div>\n\t\t\t\t\t\t\t\t\t\t<div class=\"info-box-content\">\n\t\t\t\t\t\t\t\t\t\t\t\t<div class=\"info-box-inner reset-last-child\"><p>Plastic free<\/p>\n<\/div>\n\n\t\t\t\t\t\t\t\t\t\t\t<\/div>\n\n\t\t\t\t\t\n\t\t\t\t\t\t\t\t\t<\/div>\n\t\t\t<\/div>\n\t\t[\/vc_column_inner][vc_column_inner width=&#8221;1\/4&#8243; woodmart_text_align=&#8221;right&#8221;]\t\t\t<div class=\"info-box-wrapper\">\n\t\t\t\t<div id=\"wd-632ac4c7dab12\" class=\" wd-rs-632ac4c7dab12 wd-info-box wd-wpb text-center box-icon-align-top box-style- color-scheme- wd-bg-none \">\n\t\t\t\t\t\t\t\t\t\t\t<div class=\"box-icon-wrapper  box-with-icon box-icon-simple\">\n\t\t\t\t\t\t\t<div class=\"info-box-icon\">\n\t\t\t\t\t\t\t\t<img loading=\"lazy\" decoding=\"async\" width=\"75\" height=\"75\" src=\"https:\/\/kuokokitchen.com\/wp-content\/uploads\/no_apto_microondas_gris.png\" class=\"attachment-800x600 size-800x600\" alt=\"\" \/>\t\t\t\t\t\t\t<\/div>\n\t\t\t\t\t\t<\/div>\n\t\t\t\t\t\t\t\t\t\t<div class=\"info-box-content\">\n\t\t\t\t\t\t\t\t\t\t\t\t<div class=\"info-box-inner reset-last-child\"><p>Not microwave safe.<\/p>\n<\/div>\n\n\t\t\t\t\t\t\t\t\t\t\t<\/div>\n\n\t\t\t\t\t\n\t\t\t\t\t\t\t\t\t<\/div>\n\t\t\t<\/div>\n\t\t[\/vc_column_inner][vc_column_inner width=&#8221;1\/4&#8243; woodmart_text_align=&#8221;center&#8221;]\t\t\t<div class=\"info-box-wrapper\">\n\t\t\t\t<div id=\"wd-632ac2319b511\" class=\" wd-rs-632ac2319b511 wd-info-box wd-wpb text-center box-icon-align-top box-style- color-scheme- wd-bg-none \">\n\t\t\t\t\t\t\t\t\t\t\t<div class=\"box-icon-wrapper  box-with-icon box-icon-simple\">\n\t\t\t\t\t\t\t<div class=\"info-box-icon\">\n\t\t\t\t\t\t\t\t<img loading=\"lazy\" decoding=\"async\" width=\"75\" height=\"75\" src=\"https:\/\/kuokokitchen.com\/wp-content\/uploads\/pictos_apto_lavavajillas_gris-75x75.png\" class=\"attachment-75x75 size-75x75\" alt=\"\" \/>\t\t\t\t\t\t\t<\/div>\n\t\t\t\t\t\t<\/div>\n\t\t\t\t\t\t\t\t\t\t<div class=\"info-box-content\">\n\t\t\t\t\t\t\t\t\t\t\t\t<div class=\"info-box-inner reset-last-child\"><p>Dishwasher safe<\/p>\n<\/div>\n\n\t\t\t\t\t\t\t\t\t\t\t<\/div>\n\n\t\t\t\t\t\n\t\t\t\t\t\t\t\t\t<\/div>\n\t\t\t<\/div>\n\t\t[\/vc_column_inner][vc_column_inner width=&#8221;1\/4&#8243; woodmart_text_align=&#8221;center&#8221;]\t\t\t<div class=\"info-box-wrapper\">\n\t\t\t\t<div id=\"wd-632ac23982b90\" class=\" wd-rs-632ac23982b90 wd-info-box wd-wpb text-center box-icon-align-top box-style- color-scheme- wd-bg-none \">\n\t\t\t\t\t\t\t\t\t\t\t<div class=\"box-icon-wrapper  box-with-icon box-icon-simple\">\n\t\t\t\t\t\t\t<div class=\"info-box-icon\">\n\t\t\t\t\t\t\t\t<img loading=\"lazy\" decoding=\"async\" width=\"75\" height=\"75\" src=\"https:\/\/kuokokitchen.com\/wp-content\/uploads\/recycle_gris.png\" class=\"attachment-800x600 size-800x600\" alt=\"\" \/>\t\t\t\t\t\t\t<\/div>\n\t\t\t\t\t\t<\/div>\n\t\t\t\t\t\t\t\t\t\t<div class=\"info-box-content\">\n\t\t\t\t\t\t\t\t\t\t\t\t<div class=\"info-box-inner reset-last-child\"><p>Reciclable<\/p>\n<\/div>\n\n\t\t\t\t\t\t\t\t\t\t\t<\/div>\n\n\t\t\t\t\t\n\t\t\t\t\t\t\t\t\t<\/div>\n\t\t\t<\/div>\n\t\t[\/vc_column_inner][\/vc_row_inner][\/vc_column][\/vc_row]<\/p>\n<\/div>","protected":false},"excerpt":{"rendered":"<p>Medium strainer with handle, front hook and base support. Perfect for filtering and\/or draining<\/p>\n","protected":false},"featured_media":5054,"template":"","meta":{"_themeisle_gutenberg_block_has_review":false},"product_brand":[],"product_cat":[898,553,557],"product_tag":[586],"class_list":{"0":"post-7931","1":"product","2":"type-product","3":"status-publish","4":"has-post-thumbnail","6":"product_cat-kitchen-products","7":"product_cat-kitchen-utensils","8":"product_cat-strainers","9":"product_tag-best-sellers-stainless-steel","10":"pa_material-high-quality-stainless-steel","12":"first","13":"instock","14":"taxable","15":"shipping-taxable","16":"purchasable","17":"product-type-simple"},"yoast_head":"<!-- This site is optimized with the Yoast SEO plugin v27.3 - https:\/\/yoast.com\/product\/yoast-seo-wordpress\/ -->\n<title>Buy Medium slotted spoon | Kuoko Kitchen Things<\/title>\n<meta name=\"description\" content=\"Looking for Kitchen Products, Kitchen utensils, Strainers? Then log in to Kuoko and buy quality products Buy Kitchen Products, Kitchen utensils, Strainers by logging in!\" \/>\n<meta name=\"robots\" content=\"index, follow, max-snippet:-1, max-image-preview:large, max-video-preview:-1\" \/>\n<link rel=\"canonical\" href=\"https:\/\/kuokokitchen.com\/en\/strainers\/medium-slotted-spoon\/\" \/>\n<meta property=\"og:locale\" content=\"en_US\" \/>\n<meta property=\"og:type\" content=\"article\" \/>\n<meta property=\"og:title\" content=\"Buy Medium slotted spoon | Kuoko Kitchen Things\" \/>\n<meta property=\"og:description\" content=\"Looking for Kitchen Products, Kitchen utensils, Strainers? Then log in to Kuoko and buy quality products Buy Kitchen Products, Kitchen utensils, Strainers by logging in!\" \/>\n<meta property=\"og:url\" content=\"https:\/\/kuokokitchen.com\/en\/strainers\/medium-slotted-spoon\/\" \/>\n<meta property=\"og:site_name\" content=\"Kuoko Kitchen Things\" \/>\n<meta property=\"article:modified_time\" content=\"2025-01-20T22:33:46+00:00\" \/>\n<meta property=\"og:image\" content=\"https:\/\/kuokokitchen.com\/wp-content\/uploads\/colador-strainer-mango-soporte-acero-inoxidable-stainless-steel-4-scaled.jpg\" \/>\n\t<meta property=\"og:image:width\" content=\"2560\" \/>\n\t<meta property=\"og:image:height\" content=\"2560\" \/>\n\t<meta property=\"og:image:type\" content=\"image\/jpeg\" \/>\n<meta name=\"twitter:card\" content=\"summary_large_image\" \/>\n<meta name=\"twitter:label1\" content=\"Est. reading time\" \/>\n\t<meta name=\"twitter:data1\" content=\"2 minutes\" \/>\n<script type=\"application\/ld+json\" class=\"yoast-schema-graph\">{\"@context\":\"https:\\\/\\\/schema.org\",\"@graph\":[{\"@type\":\"WebPage\",\"@id\":\"https:\\\/\\\/kuokokitchen.com\\\/en\\\/strainers\\\/medium-slotted-spoon\\\/\",\"url\":\"https:\\\/\\\/kuokokitchen.com\\\/en\\\/strainers\\\/medium-slotted-spoon\\\/\",\"name\":\"Buy Medium slotted spoon | Kuoko Kitchen Things\",\"isPartOf\":{\"@id\":\"https:\\\/\\\/kuokokitchen.com\\\/en\\\/#website\"},\"primaryImageOfPage\":{\"@id\":\"https:\\\/\\\/kuokokitchen.com\\\/en\\\/strainers\\\/medium-slotted-spoon\\\/#primaryimage\"},\"image\":{\"@id\":\"https:\\\/\\\/kuokokitchen.com\\\/en\\\/strainers\\\/medium-slotted-spoon\\\/#primaryimage\"},\"thumbnailUrl\":\"https:\\\/\\\/kuokokitchen.com\\\/wp-content\\\/uploads\\\/colador-strainer-mango-soporte-acero-inoxidable-stainless-steel-4-scaled.jpg\",\"datePublished\":\"2022-08-16T11:48:59+00:00\",\"dateModified\":\"2025-01-20T22:33:46+00:00\",\"description\":\"Looking for Kitchen Products, Kitchen utensils, Strainers? Then log in to Kuoko and buy quality products Buy Kitchen Products, Kitchen utensils, Strainers by logging in!\",\"breadcrumb\":{\"@id\":\"https:\\\/\\\/kuokokitchen.com\\\/en\\\/strainers\\\/medium-slotted-spoon\\\/#breadcrumb\"},\"inLanguage\":\"en-US\",\"potentialAction\":[{\"@type\":\"ReadAction\",\"target\":[\"https:\\\/\\\/kuokokitchen.com\\\/en\\\/strainers\\\/medium-slotted-spoon\\\/\"]}]},{\"@type\":\"ImageObject\",\"inLanguage\":\"en-US\",\"@id\":\"https:\\\/\\\/kuokokitchen.com\\\/en\\\/strainers\\\/medium-slotted-spoon\\\/#primaryimage\",\"url\":\"https:\\\/\\\/kuokokitchen.com\\\/wp-content\\\/uploads\\\/colador-strainer-mango-soporte-acero-inoxidable-stainless-steel-4-scaled.jpg\",\"contentUrl\":\"https:\\\/\\\/kuokokitchen.com\\\/wp-content\\\/uploads\\\/colador-strainer-mango-soporte-acero-inoxidable-stainless-steel-4-scaled.jpg\",\"width\":2560,\"height\":2560},{\"@type\":\"BreadcrumbList\",\"@id\":\"https:\\\/\\\/kuokokitchen.com\\\/en\\\/strainers\\\/medium-slotted-spoon\\\/#breadcrumb\",\"itemListElement\":[{\"@type\":\"ListItem\",\"position\":1,\"name\":\"Home\",\"item\":\"https:\\\/\\\/kuokokitchen.com\\\/en\\\/home-decor\\\/\"},{\"@type\":\"ListItem\",\"position\":2,\"name\":\"Shop\",\"item\":\"https:\\\/\\\/kuokokitchen.com\\\/en\\\/shop\\\/\"},{\"@type\":\"ListItem\",\"position\":3,\"name\":\"Medium slotted spoon\"}]},{\"@type\":\"WebSite\",\"@id\":\"https:\\\/\\\/kuokokitchen.com\\\/en\\\/#website\",\"url\":\"https:\\\/\\\/kuokokitchen.com\\\/en\\\/\",\"name\":\"Kuoko Kitchen Things\",\"description\":\"Utensilios de cocina libre de t\u00f3xicos\",\"potentialAction\":[{\"@type\":\"SearchAction\",\"target\":{\"@type\":\"EntryPoint\",\"urlTemplate\":\"https:\\\/\\\/kuokokitchen.com\\\/en\\\/?s={search_term_string}\"},\"query-input\":{\"@type\":\"PropertyValueSpecification\",\"valueRequired\":true,\"valueName\":\"search_term_string\"}}],\"inLanguage\":\"en-US\"}]}<\/script>\n<!-- \/ Yoast SEO plugin. -->","yoast_head_json":{"title":"Buy Medium slotted spoon | Kuoko Kitchen Things","description":"Looking for Kitchen Products, Kitchen utensils, Strainers? Then log in to Kuoko and buy quality products Buy Kitchen Products, Kitchen utensils, Strainers by logging in!","robots":{"index":"index","follow":"follow","max-snippet":"max-snippet:-1","max-image-preview":"max-image-preview:large","max-video-preview":"max-video-preview:-1"},"canonical":"https:\/\/kuokokitchen.com\/en\/strainers\/medium-slotted-spoon\/","og_locale":"en_US","og_type":"article","og_title":"Buy Medium slotted spoon | Kuoko Kitchen Things","og_description":"Looking for Kitchen Products, Kitchen utensils, Strainers? Then log in to Kuoko and buy quality products Buy Kitchen Products, Kitchen utensils, Strainers by logging in!","og_url":"https:\/\/kuokokitchen.com\/en\/strainers\/medium-slotted-spoon\/","og_site_name":"Kuoko Kitchen Things","article_modified_time":"2025-01-20T22:33:46+00:00","og_image":[{"width":2560,"height":2560,"url":"https:\/\/kuokokitchen.com\/wp-content\/uploads\/colador-strainer-mango-soporte-acero-inoxidable-stainless-steel-4-scaled.jpg","type":"image\/jpeg"}],"twitter_card":"summary_large_image","twitter_misc":{"Est. reading time":"2 minutes"},"schema":{"@context":"https:\/\/schema.org","@graph":[{"@type":"WebPage","@id":"https:\/\/kuokokitchen.com\/en\/strainers\/medium-slotted-spoon\/","url":"https:\/\/kuokokitchen.com\/en\/strainers\/medium-slotted-spoon\/","name":"Buy Medium slotted spoon | Kuoko Kitchen Things","isPartOf":{"@id":"https:\/\/kuokokitchen.com\/en\/#website"},"primaryImageOfPage":{"@id":"https:\/\/kuokokitchen.com\/en\/strainers\/medium-slotted-spoon\/#primaryimage"},"image":{"@id":"https:\/\/kuokokitchen.com\/en\/strainers\/medium-slotted-spoon\/#primaryimage"},"thumbnailUrl":"https:\/\/kuokokitchen.com\/wp-content\/uploads\/colador-strainer-mango-soporte-acero-inoxidable-stainless-steel-4-scaled.jpg","datePublished":"2022-08-16T11:48:59+00:00","dateModified":"2025-01-20T22:33:46+00:00","description":"Looking for Kitchen Products, Kitchen utensils, Strainers? Then log in to Kuoko and buy quality products Buy Kitchen Products, Kitchen utensils, Strainers by logging in!","breadcrumb":{"@id":"https:\/\/kuokokitchen.com\/en\/strainers\/medium-slotted-spoon\/#breadcrumb"},"inLanguage":"en-US","potentialAction":[{"@type":"ReadAction","target":["https:\/\/kuokokitchen.com\/en\/strainers\/medium-slotted-spoon\/"]}]},{"@type":"ImageObject","inLanguage":"en-US","@id":"https:\/\/kuokokitchen.com\/en\/strainers\/medium-slotted-spoon\/#primaryimage","url":"https:\/\/kuokokitchen.com\/wp-content\/uploads\/colador-strainer-mango-soporte-acero-inoxidable-stainless-steel-4-scaled.jpg","contentUrl":"https:\/\/kuokokitchen.com\/wp-content\/uploads\/colador-strainer-mango-soporte-acero-inoxidable-stainless-steel-4-scaled.jpg","width":2560,"height":2560},{"@type":"BreadcrumbList","@id":"https:\/\/kuokokitchen.com\/en\/strainers\/medium-slotted-spoon\/#breadcrumb","itemListElement":[{"@type":"ListItem","position":1,"name":"Home","item":"https:\/\/kuokokitchen.com\/en\/home-decor\/"},{"@type":"ListItem","position":2,"name":"Shop","item":"https:\/\/kuokokitchen.com\/en\/shop\/"},{"@type":"ListItem","position":3,"name":"Medium slotted spoon"}]},{"@type":"WebSite","@id":"https:\/\/kuokokitchen.com\/en\/#website","url":"https:\/\/kuokokitchen.com\/en\/","name":"Kuoko Kitchen Things","description":"Utensilios de cocina libre de t\u00f3xicos","potentialAction":[{"@type":"SearchAction","target":{"@type":"EntryPoint","urlTemplate":"https:\/\/kuokokitchen.com\/en\/?s={search_term_string}"},"query-input":{"@type":"PropertyValueSpecification","valueRequired":true,"valueName":"search_term_string"}}],"inLanguage":"en-US"}]}},"_links":{"self":[{"href":"https:\/\/kuokokitchen.com\/en\/wp-json\/wp\/v2\/product\/7931","targetHints":{"allow":["GET"]}}],"collection":[{"href":"https:\/\/kuokokitchen.com\/en\/wp-json\/wp\/v2\/product"}],"about":[{"href":"https:\/\/kuokokitchen.com\/en\/wp-json\/wp\/v2\/types\/product"}],"wp:featuredmedia":[{"embeddable":true,"href":"https:\/\/kuokokitchen.com\/en\/wp-json\/wp\/v2\/media\/5054"}],"wp:attachment":[{"href":"https:\/\/kuokokitchen.com\/en\/wp-json\/wp\/v2\/media?parent=7931"}],"wp:term":[{"taxonomy":"product_brand","embeddable":true,"href":"https:\/\/kuokokitchen.com\/en\/wp-json\/wp\/v2\/product_brand?post=7931"},{"taxonomy":"product_cat","embeddable":true,"href":"https:\/\/kuokokitchen.com\/en\/wp-json\/wp\/v2\/product_cat?post=7931"},{"taxonomy":"product_tag","embeddable":true,"href":"https:\/\/kuokokitchen.com\/en\/wp-json\/wp\/v2\/product_tag?post=7931"}],"curies":[{"name":"wp","href":"https:\/\/api.w.org\/{rel}","templated":true}]}}