{"id":9974,"date":"2024-02-29T11:28:20","date_gmt":"2024-02-29T09:28:20","guid":{"rendered":"https:\/\/kuokokitchen.com\/?post_type=product&#038;p=9974"},"modified":"2024-07-25T08:50:13","modified_gmt":"2024-07-25T06:50:13","slug":"kitchen-canisters-set","status":"publish","type":"product","link":"https:\/\/kuokokitchen.com\/en\/packs-en\/kitchen-canisters-set\/","title":{"rendered":"Kitchen canisters set"},"content":{"rendered":"<div class=\"wpb-content-wrapper\"><p>[vc_row][vc_column][vc_column_text woodmart_inline=&#8221;no&#8221; text_larger=&#8221;no&#8221;]Show off order and design in your kitchen with this set of black ceramic canisters.<\/p>\n<p>The contrast of the black ceramic with the bamboo wood lid will not go unnoticed in your kitchen!<\/p>\n<p>Ideas for use: cinnamon powder, salt, or other spices that you need to have on hand at all times!<\/p>\n<p>Made in China<\/p>\n<p>Material: ceramic and bamboo wood.<\/p>\n<p>At KUOKO we try to take care of the environment as much as possible. The product will arrive to you packaged without any plastic in a recycled cardboard box &#8211; help us keep this chain going and make sure you recycle to give all our packaging another life!<\/p>\n<p>Please note that this product has a silicone ring in the lid, suitable for contact with food, in order to achieve a tighter seal, reduce the amount of air that enters and leaves the jar and thus achieve greater preservation of the food.<\/p>\n<p>These utensils, as long as they are well cared for, will last a lifetime! However, if you want to dispose of them, take them to your nearest green point.[\/vc_column_text][\/vc_column][\/vc_row][vc_row][vc_column][vc_column_text]<\/p>\n<p>[\/vc_column_text][\/vc_column][\/vc_row][vc_row][vc_column][vc_row_inner content_placement=&#8221;top&#8221; gap=&#8221;10&#8243; row_reverse_mobile=&#8221;0&#8243; row_reverse_tablet=&#8221;0&#8243;][vc_column_inner width=&#8221;1\/4&#8243; woodmart_text_align=&#8221;center&#8221;]\t\t\t<div class=\"info-box-wrapper\">\n\t\t\t\t<div id=\"wd-632ac22adda04\" class=\" wd-rs-632ac22adda04 wd-info-box wd-wpb text-center box-icon-align-top box-style- color-scheme- wd-bg-none \">\n\t\t\t\t\t\t\t\t\t\t\t<div class=\"box-icon-wrapper  box-with-icon box-icon-simple\">\n\t\t\t\t\t\t\t<div class=\"info-box-icon\">\n\t\t\t\t\t\t\t\t<img loading=\"lazy\" decoding=\"async\" width=\"75\" height=\"75\" src=\"https:\/\/kuokokitchen.com\/wp-content\/uploads\/plastic_free_gris.png\" class=\"attachment-800x600 size-800x600\" alt=\"\" \/>\t\t\t\t\t\t\t<\/div>\n\t\t\t\t\t\t<\/div>\n\t\t\t\t\t\t\t\t\t\t<div class=\"info-box-content\">\n\t\t\t\t\t\t\t\t\t\t\t\t<div class=\"info-box-inner reset-last-child\"><p>Plastic free<\/p>\n<\/div>\n\n\t\t\t\t\t\t\t\t\t\t\t<\/div>\n\n\t\t\t\t\t\n\t\t\t\t\t\t\t\t\t<\/div>\n\t\t\t<\/div>\n\t\t[\/vc_column_inner][vc_column_inner width=&#8221;1\/4&#8243; woodmart_text_align=&#8221;right&#8221;]\t\t\t<div class=\"info-box-wrapper\">\n\t\t\t\t<div id=\"wd-637e398740c30\" class=\" wd-rs-637e398740c30 wd-info-box wd-wpb text-center box-icon-align-top box-style- color-scheme- wd-bg-none \">\n\t\t\t\t\t\t\t\t\t\t\t<div class=\"box-icon-wrapper  box-with-icon box-icon-simple\">\n\t\t\t\t\t\t\t<div class=\"info-box-icon\">\n\t\t\t\t\t\t\t\t<img loading=\"lazy\" decoding=\"async\" width=\"75\" height=\"75\" src=\"https:\/\/kuokokitchen.com\/wp-content\/uploads\/no_apto_microondas_gris.png\" class=\"attachment-800x600 size-800x600\" alt=\"\" \/>\t\t\t\t\t\t\t<\/div>\n\t\t\t\t\t\t<\/div>\n\t\t\t\t\t\t\t\t\t\t<div class=\"info-box-content\">\n\t\t\t\t\t\t\t\t\t\t\t\t<div class=\"info-box-inner reset-last-child\"><p>Not suitable for microwave.<\/p>\n<\/div>\n\n\t\t\t\t\t\t\t\t\t\t\t<\/div>\n\n\t\t\t\t\t\n\t\t\t\t\t\t\t\t\t<\/div>\n\t\t\t<\/div>\n\t\t[\/vc_column_inner][vc_column_inner width=&#8221;1\/4&#8243; woodmart_text_align=&#8221;center&#8221;]\t\t\t<div class=\"info-box-wrapper\">\n\t\t\t\t<div id=\"wd-65e0547e3803b\" class=\" wd-rs-65e0547e3803b wd-info-box wd-wpb text-center box-icon-align-top box-style- color-scheme- wd-bg-none \">\n\t\t\t\t\t\t\t\t\t\t\t<div class=\"box-icon-wrapper  box-with-icon box-icon-simple\">\n\t\t\t\t\t\t\t<div class=\"info-box-icon\">\n\t\t\t\t\t\t\t\t<img loading=\"lazy\" decoding=\"async\" width=\"75\" height=\"75\" src=\"https:\/\/kuokokitchen.com\/wp-content\/uploads\/pictos_apto_lavavajillas_gris-75x75.png\" class=\"attachment-75x75 size-75x75\" alt=\"\" \/>\t\t\t\t\t\t\t<\/div>\n\t\t\t\t\t\t<\/div>\n\t\t\t\t\t\t\t\t\t\t<div class=\"info-box-content\">\n\t\t\t\t\t\t\t\t\t\t\t\t<div class=\"info-box-inner reset-last-child\"><p>Dishwasher safe Canister<\/p>\n<\/div>\n\n\t\t\t\t\t\t\t\t\t\t\t<\/div>\n\n\t\t\t\t\t\n\t\t\t\t\t\t\t\t\t<\/div>\n\t\t\t<\/div>\n\t\t[\/vc_column_inner][vc_column_inner width=&#8221;1\/4&#8243; woodmart_text_align=&#8221;center&#8221;]\t\t\t<div class=\"info-box-wrapper\">\n\t\t\t\t<div id=\"wd-632ac23982b90\" class=\" wd-rs-632ac23982b90 wd-info-box wd-wpb text-center box-icon-align-top box-style- color-scheme- wd-bg-none \">\n\t\t\t\t\t\t\t\t\t\t\t<div class=\"box-icon-wrapper  box-with-icon box-icon-simple\">\n\t\t\t\t\t\t\t<div class=\"info-box-icon\">\n\t\t\t\t\t\t\t\t<img loading=\"lazy\" decoding=\"async\" width=\"75\" height=\"75\" src=\"https:\/\/kuokokitchen.com\/wp-content\/uploads\/recycle_gris.png\" class=\"attachment-800x600 size-800x600\" alt=\"\" \/>\t\t\t\t\t\t\t<\/div>\n\t\t\t\t\t\t<\/div>\n\t\t\t\t\t\t\t\t\t\t<div class=\"info-box-content\">\n\t\t\t\t\t\t\t\t\t\t\t\t<div class=\"info-box-inner reset-last-child\"><p>Recyclable<\/p>\n<\/div>\n\n\t\t\t\t\t\t\t\t\t\t\t<\/div>\n\n\t\t\t\t\t\n\t\t\t\t\t\t\t\t\t<\/div>\n\t\t\t<\/div>\n\t\t[\/vc_column_inner][\/vc_row_inner][\/vc_column][\/vc_row]<\/p>\n<\/div>","protected":false},"excerpt":{"rendered":"<p>Includes 4 different sized ceramic canisters with bamboo wood lid.<\/p>\n","protected":false},"featured_media":4706,"template":"","meta":{"_themeisle_gutenberg_block_has_review":false},"product_brand":[],"product_cat":[889,558,898,553],"product_tag":[],"class_list":{"0":"post-9974","1":"product","2":"type-product","3":"status-publish","4":"has-post-thumbnail","6":"product_cat-packs-en","7":"product_cat-accessories","8":"product_cat-kitchen-products","9":"product_cat-kitchen-utensils","10":"pa_material-bamboo-wood","11":"pa_material-gres-ceramic","13":"first","14":"instock","15":"sale","16":"taxable","17":"shipping-taxable","18":"purchasable","19":"product-type-simple"},"yoast_head":"<!-- This site is optimized with the Yoast SEO plugin v27.1.1 - https:\/\/yoast.com\/product\/yoast-seo-wordpress\/ -->\n<title>Buy Kitchen canisters set | Kuoko Kitchen Things<\/title>\n<meta name=\"description\" content=\"Looking for Packs, Accessories, Kitchen Products, Kitchen utensils? Then log in to Kuoko and buy quality products Buy Packs, Accessories, Kitchen Products, Kitchen utensils by logging in!\" \/>\n<meta name=\"robots\" content=\"index, follow, max-snippet:-1, max-image-preview:large, max-video-preview:-1\" \/>\n<link rel=\"canonical\" href=\"https:\/\/kuokokitchen.com\/en\/packs-en\/kitchen-canisters-set\/\" \/>\n<meta property=\"og:locale\" content=\"en_US\" \/>\n<meta property=\"og:type\" content=\"article\" \/>\n<meta property=\"og:title\" content=\"Buy Kitchen canisters set | Kuoko Kitchen Things\" \/>\n<meta property=\"og:description\" content=\"Looking for Packs, Accessories, Kitchen Products, Kitchen utensils? Then log in to Kuoko and buy quality products Buy Packs, Accessories, Kitchen Products, Kitchen utensils by logging in!\" \/>\n<meta property=\"og:url\" content=\"https:\/\/kuokokitchen.com\/en\/packs-en\/kitchen-canisters-set\/\" \/>\n<meta property=\"og:site_name\" content=\"Kuoko Kitchen Things\" \/>\n<meta property=\"article:modified_time\" content=\"2024-07-25T06:50:13+00:00\" \/>\n<meta property=\"og:image\" content=\"https:\/\/kuokokitchen.com\/wp-content\/uploads\/ceramic-canisters-bote-ceramica-extra-peque-almacenaje-cocina-saludable-sin-toxicos-tapa-bambu-healthy-kitchen-free-of-toxics-bamboo-cover-1-scaled.jpg\" \/>\n\t<meta property=\"og:image:width\" content=\"2560\" \/>\n\t<meta property=\"og:image:height\" content=\"2560\" \/>\n\t<meta property=\"og:image:type\" content=\"image\/jpeg\" \/>\n<meta name=\"twitter:card\" content=\"summary_large_image\" \/>\n<meta name=\"twitter:label1\" content=\"Est. reading time\" \/>\n\t<meta name=\"twitter:data1\" content=\"2 minutes\" \/>\n<script type=\"application\/ld+json\" class=\"yoast-schema-graph\">{\"@context\":\"https:\/\/schema.org\",\"@graph\":[{\"@type\":\"WebPage\",\"@id\":\"https:\/\/kuokokitchen.com\/en\/packs-en\/kitchen-canisters-set\/\",\"url\":\"https:\/\/kuokokitchen.com\/en\/packs-en\/kitchen-canisters-set\/\",\"name\":\"Buy Kitchen canisters set | Kuoko Kitchen Things\",\"isPartOf\":{\"@id\":\"https:\/\/kuokokitchen.com\/en\/#website\"},\"primaryImageOfPage\":{\"@id\":\"https:\/\/kuokokitchen.com\/en\/packs-en\/kitchen-canisters-set\/#primaryimage\"},\"image\":{\"@id\":\"https:\/\/kuokokitchen.com\/en\/packs-en\/kitchen-canisters-set\/#primaryimage\"},\"thumbnailUrl\":\"https:\/\/kuokokitchen.com\/wp-content\/uploads\/ceramic-canisters-bote-ceramica-extra-peque-almacenaje-cocina-saludable-sin-toxicos-tapa-bambu-healthy-kitchen-free-of-toxics-bamboo-cover-1-scaled.jpg\",\"datePublished\":\"2024-02-29T09:28:20+00:00\",\"dateModified\":\"2024-07-25T06:50:13+00:00\",\"description\":\"Looking for Packs, Accessories, Kitchen Products, Kitchen utensils? Then log in to Kuoko and buy quality products Buy Packs, Accessories, Kitchen Products, Kitchen utensils by logging in!\",\"breadcrumb\":{\"@id\":\"https:\/\/kuokokitchen.com\/en\/packs-en\/kitchen-canisters-set\/#breadcrumb\"},\"inLanguage\":\"en-US\",\"potentialAction\":[{\"@type\":\"ReadAction\",\"target\":[\"https:\/\/kuokokitchen.com\/en\/packs-en\/kitchen-canisters-set\/\"]}]},{\"@type\":\"ImageObject\",\"inLanguage\":\"en-US\",\"@id\":\"https:\/\/kuokokitchen.com\/en\/packs-en\/kitchen-canisters-set\/#primaryimage\",\"url\":\"https:\/\/kuokokitchen.com\/wp-content\/uploads\/ceramic-canisters-bote-ceramica-extra-peque-almacenaje-cocina-saludable-sin-toxicos-tapa-bambu-healthy-kitchen-free-of-toxics-bamboo-cover-1-scaled.jpg\",\"contentUrl\":\"https:\/\/kuokokitchen.com\/wp-content\/uploads\/ceramic-canisters-bote-ceramica-extra-peque-almacenaje-cocina-saludable-sin-toxicos-tapa-bambu-healthy-kitchen-free-of-toxics-bamboo-cover-1-scaled.jpg\",\"width\":2560,\"height\":2560,\"caption\":\"ceramic canisters bote cer\u00e1mica extra peque almacenaje cocina saludable sin t\u00f3xicos tapa bamb\u00fa healthy kitchen free of toxics bamboo cover\"},{\"@type\":\"BreadcrumbList\",\"@id\":\"https:\/\/kuokokitchen.com\/en\/packs-en\/kitchen-canisters-set\/#breadcrumb\",\"itemListElement\":[{\"@type\":\"ListItem\",\"position\":1,\"name\":\"Home\",\"item\":\"https:\/\/kuokokitchen.com\/en\/home-decor\/\"},{\"@type\":\"ListItem\",\"position\":2,\"name\":\"Shop\",\"item\":\"https:\/\/kuokokitchen.com\/en\/shop\/\"},{\"@type\":\"ListItem\",\"position\":3,\"name\":\"Kitchen canisters set\"}]},{\"@type\":\"WebSite\",\"@id\":\"https:\/\/kuokokitchen.com\/en\/#website\",\"url\":\"https:\/\/kuokokitchen.com\/en\/\",\"name\":\"Kuoko Kitchen Things\",\"description\":\"Utensilios de cocina libre de t\u00f3xicos\",\"potentialAction\":[{\"@type\":\"SearchAction\",\"target\":{\"@type\":\"EntryPoint\",\"urlTemplate\":\"https:\/\/kuokokitchen.com\/en\/?s={search_term_string}\"},\"query-input\":{\"@type\":\"PropertyValueSpecification\",\"valueRequired\":true,\"valueName\":\"search_term_string\"}}],\"inLanguage\":\"en-US\"}]}<\/script>\n<!-- \/ Yoast SEO plugin. -->","yoast_head_json":{"title":"Buy Kitchen canisters set | Kuoko Kitchen Things","description":"Looking for Packs, Accessories, Kitchen Products, Kitchen utensils? Then log in to Kuoko and buy quality products Buy Packs, Accessories, Kitchen Products, Kitchen utensils by logging in!","robots":{"index":"index","follow":"follow","max-snippet":"max-snippet:-1","max-image-preview":"max-image-preview:large","max-video-preview":"max-video-preview:-1"},"canonical":"https:\/\/kuokokitchen.com\/en\/packs-en\/kitchen-canisters-set\/","og_locale":"en_US","og_type":"article","og_title":"Buy Kitchen canisters set | Kuoko Kitchen Things","og_description":"Looking for Packs, Accessories, Kitchen Products, Kitchen utensils? Then log in to Kuoko and buy quality products Buy Packs, Accessories, Kitchen Products, Kitchen utensils by logging in!","og_url":"https:\/\/kuokokitchen.com\/en\/packs-en\/kitchen-canisters-set\/","og_site_name":"Kuoko Kitchen Things","article_modified_time":"2024-07-25T06:50:13+00:00","og_image":[{"width":2560,"height":2560,"url":"https:\/\/kuokokitchen.com\/wp-content\/uploads\/ceramic-canisters-bote-ceramica-extra-peque-almacenaje-cocina-saludable-sin-toxicos-tapa-bambu-healthy-kitchen-free-of-toxics-bamboo-cover-1-scaled.jpg","type":"image\/jpeg"}],"twitter_card":"summary_large_image","twitter_misc":{"Est. reading time":"2 minutes"},"schema":{"@context":"https:\/\/schema.org","@graph":[{"@type":"WebPage","@id":"https:\/\/kuokokitchen.com\/en\/packs-en\/kitchen-canisters-set\/","url":"https:\/\/kuokokitchen.com\/en\/packs-en\/kitchen-canisters-set\/","name":"Buy Kitchen canisters set | Kuoko Kitchen Things","isPartOf":{"@id":"https:\/\/kuokokitchen.com\/en\/#website"},"primaryImageOfPage":{"@id":"https:\/\/kuokokitchen.com\/en\/packs-en\/kitchen-canisters-set\/#primaryimage"},"image":{"@id":"https:\/\/kuokokitchen.com\/en\/packs-en\/kitchen-canisters-set\/#primaryimage"},"thumbnailUrl":"https:\/\/kuokokitchen.com\/wp-content\/uploads\/ceramic-canisters-bote-ceramica-extra-peque-almacenaje-cocina-saludable-sin-toxicos-tapa-bambu-healthy-kitchen-free-of-toxics-bamboo-cover-1-scaled.jpg","datePublished":"2024-02-29T09:28:20+00:00","dateModified":"2024-07-25T06:50:13+00:00","description":"Looking for Packs, Accessories, Kitchen Products, Kitchen utensils? Then log in to Kuoko and buy quality products Buy Packs, Accessories, Kitchen Products, Kitchen utensils by logging in!","breadcrumb":{"@id":"https:\/\/kuokokitchen.com\/en\/packs-en\/kitchen-canisters-set\/#breadcrumb"},"inLanguage":"en-US","potentialAction":[{"@type":"ReadAction","target":["https:\/\/kuokokitchen.com\/en\/packs-en\/kitchen-canisters-set\/"]}]},{"@type":"ImageObject","inLanguage":"en-US","@id":"https:\/\/kuokokitchen.com\/en\/packs-en\/kitchen-canisters-set\/#primaryimage","url":"https:\/\/kuokokitchen.com\/wp-content\/uploads\/ceramic-canisters-bote-ceramica-extra-peque-almacenaje-cocina-saludable-sin-toxicos-tapa-bambu-healthy-kitchen-free-of-toxics-bamboo-cover-1-scaled.jpg","contentUrl":"https:\/\/kuokokitchen.com\/wp-content\/uploads\/ceramic-canisters-bote-ceramica-extra-peque-almacenaje-cocina-saludable-sin-toxicos-tapa-bambu-healthy-kitchen-free-of-toxics-bamboo-cover-1-scaled.jpg","width":2560,"height":2560,"caption":"ceramic canisters bote cer\u00e1mica extra peque almacenaje cocina saludable sin t\u00f3xicos tapa bamb\u00fa healthy kitchen free of toxics bamboo cover"},{"@type":"BreadcrumbList","@id":"https:\/\/kuokokitchen.com\/en\/packs-en\/kitchen-canisters-set\/#breadcrumb","itemListElement":[{"@type":"ListItem","position":1,"name":"Home","item":"https:\/\/kuokokitchen.com\/en\/home-decor\/"},{"@type":"ListItem","position":2,"name":"Shop","item":"https:\/\/kuokokitchen.com\/en\/shop\/"},{"@type":"ListItem","position":3,"name":"Kitchen canisters set"}]},{"@type":"WebSite","@id":"https:\/\/kuokokitchen.com\/en\/#website","url":"https:\/\/kuokokitchen.com\/en\/","name":"Kuoko Kitchen Things","description":"Utensilios de cocina libre de t\u00f3xicos","potentialAction":[{"@type":"SearchAction","target":{"@type":"EntryPoint","urlTemplate":"https:\/\/kuokokitchen.com\/en\/?s={search_term_string}"},"query-input":{"@type":"PropertyValueSpecification","valueRequired":true,"valueName":"search_term_string"}}],"inLanguage":"en-US"}]}},"_links":{"self":[{"href":"https:\/\/kuokokitchen.com\/en\/wp-json\/wp\/v2\/product\/9974","targetHints":{"allow":["GET"]}}],"collection":[{"href":"https:\/\/kuokokitchen.com\/en\/wp-json\/wp\/v2\/product"}],"about":[{"href":"https:\/\/kuokokitchen.com\/en\/wp-json\/wp\/v2\/types\/product"}],"wp:featuredmedia":[{"embeddable":true,"href":"https:\/\/kuokokitchen.com\/en\/wp-json\/wp\/v2\/media\/4706"}],"wp:attachment":[{"href":"https:\/\/kuokokitchen.com\/en\/wp-json\/wp\/v2\/media?parent=9974"}],"wp:term":[{"taxonomy":"product_brand","embeddable":true,"href":"https:\/\/kuokokitchen.com\/en\/wp-json\/wp\/v2\/product_brand?post=9974"},{"taxonomy":"product_cat","embeddable":true,"href":"https:\/\/kuokokitchen.com\/en\/wp-json\/wp\/v2\/product_cat?post=9974"},{"taxonomy":"product_tag","embeddable":true,"href":"https:\/\/kuokokitchen.com\/en\/wp-json\/wp\/v2\/product_tag?post=9974"}],"curies":[{"name":"wp","href":"https:\/\/api.w.org\/{rel}","templated":true}]}}