{"id":9987,"date":"2024-03-01T10:59:07","date_gmt":"2024-03-01T08:59:07","guid":{"rendered":"https:\/\/kuokokitchen.com\/?post_type=product&#038;p=9987"},"modified":"2024-07-25T08:50:04","modified_gmt":"2024-07-25T06:50:04","slug":"cocotte-o25cm-cacerola-o25cm-y-tapa-tajin","status":"publish","type":"product","link":"https:\/\/kuokokitchen.com\/en\/packs-en\/cocotte-o25cm-cacerola-o25cm-y-tapa-tajin\/","title":{"rendered":"Cocotte (\u00d825cm), cacerola (\u00d825cm) y tapa taj\u00edn"},"content":{"rendered":"<div class=\"wpb-content-wrapper\"><p>[vc_row][vc_column][vc_column_text css=&#8221;&#8221; woodmart_inline=&#8221;no&#8221; text_larger=&#8221;no&#8221;]Introducing our Culinary Trio Set \u2013 a meticulously curated collection designed to elevate your kitchen experience. This exceptional set comprises a classic Dutch oven, a stylish casserole, and a one-of-a-kind tagine lid that not only enhances the casserole but also serves as a versatile accessory for your Dutch oven.<\/p>\n<p>Crafted with precision and durability in mind, the Dutch oven is your go-to for slow-cooking, braising, and simmering, while the casserole effortlessly combines functionality with elegance. Both pieces are made from non-toxic ceramic, ensuring a safe and healthy cooking environment.<\/p>\n<p>The true star of this set is the innovative tagine lid, which seamlessly transforms the casserole into an authentic tagine, allowing you to explore the rich flavors of North African cuisine. Alternatively, it becomes a valuable addition to your Dutch oven, expanding its capabilities and diversifying your culinary possibilities.<\/p>\n<p>Whether you&#8217;re a seasoned chef or an enthusiastic home cook, our Culinary Trio Set offers a perfect blend of functionality, versatility, and aesthetic appeal. Immerse yourself in the world of culinary artistry with this thoughtfully designed collection that not only meets but exceeds your kitchen expectations.<\/p>\n<p>Made in Italy<\/p>\n<p>Material: Gres ceramic suitable for flame<\/p>\n<p>Stoneware ceramic, of the highest quality and fired at high temperatures to achieve a harder, more resistant, and durable ceramic. This makes it an ideal material for use in the kitchen.<\/p>\n<p>More information on why we love this material can be found here.<\/p>\n<p>At KUOKO, we strive to take maximum care of the environment. The product will reach you packaged without any plastic in a box made of recycled cardboard and with packaging chips that are 100% recyclable, biodegradable, and compostable, dissolving in water. Help us maintain this chain and make sure to recycle to give a new life to all our packaging!<\/p>\n<p>Ceramic utensils, as long as they are well cared for, are for a lifetime. However, if you want to get rid of them, take them to your nearest green disposal point.[\/vc_column_text][\/vc_column][\/vc_row][vc_row][vc_column][vc_row_inner content_placement=&#8221;top&#8221; gap=&#8221;10&#8243; row_reverse_mobile=&#8221;0&#8243; row_reverse_tablet=&#8221;0&#8243;][vc_column_inner width=&#8221;1\/4&#8243; woodmart_text_align=&#8221;center&#8221;]\t\t\t<div class=\"info-box-wrapper\">\n\t\t\t\t<div id=\"wd-66962c85f024c\" class=\" wd-rs-66962c85f024c wd-info-box wd-wpb text-center box-icon-align-top box-style- color-scheme- wd-bg-none \">\n\t\t\t\t\t\t\t\t\t\t\t<div class=\"box-icon-wrapper  box-with-icon box-icon-simple\">\n\t\t\t\t\t\t\t<div class=\"info-box-icon\">\n\t\t\t\t\t\t\t\t<img loading=\"lazy\" decoding=\"async\" width=\"75\" height=\"75\" src=\"https:\/\/kuokokitchen.com\/wp-content\/uploads\/pictos_apto_microondas_gris-75x75.png\" class=\"attachment-75x75 size-75x75\" alt=\"\" \/>\t\t\t\t\t\t\t<\/div>\n\t\t\t\t\t\t<\/div>\n\t\t\t\t\t\t\t\t\t\t<div class=\"info-box-content\">\n\t\t\t\t\t\t\t\t\t\t\t\t<div class=\"info-box-inner reset-last-child\"><p>Microwave safe<\/p>\n<\/div>\n\n\t\t\t\t\t\t\t\t\t\t\t<\/div>\n\n\t\t\t\t\t\n\t\t\t\t\t\t\t\t\t<\/div>\n\t\t\t<\/div>\n\t\t[\/vc_column_inner][vc_column_inner width=&#8221;1\/4&#8243; woodmart_text_align=&#8221;right&#8221;]\t\t\t<div class=\"info-box-wrapper\">\n\t\t\t\t<div id=\"wd-66962cc5a4d07\" class=\" wd-rs-66962cc5a4d07 wd-info-box wd-wpb text-center box-icon-align-top box-style- color-scheme- wd-bg-none \">\n\t\t\t\t\t\t\t\t\t\t\t<div class=\"box-icon-wrapper  box-with-icon box-icon-simple\">\n\t\t\t\t\t\t\t<div class=\"info-box-icon\">\n\t\t\t\t\t\t\t\t<img loading=\"lazy\" decoding=\"async\" width=\"75\" height=\"75\" src=\"https:\/\/kuokokitchen.com\/wp-content\/uploads\/pictos_apto_lavavajillas_gris-75x75.png\" class=\"attachment-75x75 size-75x75\" alt=\"\" \/>\t\t\t\t\t\t\t<\/div>\n\t\t\t\t\t\t<\/div>\n\t\t\t\t\t\t\t\t\t\t<div class=\"info-box-content\">\n\t\t\t\t\t\t\t\t\t\t\t\t<div class=\"info-box-inner reset-last-child\"><p>Dishwasher safe<\/p>\n<\/div>\n\n\t\t\t\t\t\t\t\t\t\t\t<\/div>\n\n\t\t\t\t\t\n\t\t\t\t\t\t\t\t\t<\/div>\n\t\t\t<\/div>\n\t\t[\/vc_column_inner][vc_column_inner width=&#8221;1\/4&#8243; woodmart_text_align=&#8221;center&#8221;]\t\t\t<div class=\"info-box-wrapper\">\n\t\t\t\t<div id=\"wd-66962cce778c7\" class=\" wd-rs-66962cce778c7 wd-info-box wd-wpb text-center box-icon-align-top box-style- color-scheme- wd-bg-none \">\n\t\t\t\t\t\t\t\t\t\t\t<div class=\"box-icon-wrapper  box-with-icon box-icon-simple\">\n\t\t\t\t\t\t\t<div class=\"info-box-icon\">\n\t\t\t\t\t\t\t\t<img loading=\"lazy\" decoding=\"async\" width=\"75\" height=\"75\" src=\"https:\/\/kuokokitchen.com\/wp-content\/uploads\/pictos_apto_horno_gris-75x75.png\" class=\"attachment-75x75 size-75x75\" alt=\"\" \/>\t\t\t\t\t\t\t<\/div>\n\t\t\t\t\t\t<\/div>\n\t\t\t\t\t\t\t\t\t\t<div class=\"info-box-content\">\n\t\t\t\t\t\t\t\t\t\t\t\t<div class=\"info-box-inner reset-last-child\"><p>Oven safe<\/p>\n<\/div>\n\n\t\t\t\t\t\t\t\t\t\t\t<\/div>\n\n\t\t\t\t\t\n\t\t\t\t\t\t\t\t\t<\/div>\n\t\t\t<\/div>\n\t\t[\/vc_column_inner][vc_column_inner width=&#8221;1\/4&#8243; woodmart_text_align=&#8221;center&#8221;]\t\t\t<div class=\"info-box-wrapper\">\n\t\t\t\t<div id=\"wd-66962cdbceb42\" class=\" wd-rs-66962cdbceb42 wd-info-box wd-wpb text-center box-icon-align-top box-style- color-scheme- wd-bg-none \">\n\t\t\t\t\t\t\t\t\t\t\t<div class=\"box-icon-wrapper  box-with-icon box-icon-simple\">\n\t\t\t\t\t\t\t<div class=\"info-box-icon\">\n\t\t\t\t\t\t\t\t<img loading=\"lazy\" decoding=\"async\" width=\"75\" height=\"75\" src=\"https:\/\/kuokokitchen.com\/wp-content\/uploads\/pictos_apto_cocina_gas_gris-75x75.png\" class=\"attachment-75x75 size-75x75\" alt=\"\" \/>\t\t\t\t\t\t\t<\/div>\n\t\t\t\t\t\t<\/div>\n\t\t\t\t\t\t\t\t\t\t<div class=\"info-box-content\">\n\t\t\t\t\t\t\t\t\t\t\t\t<div class=\"info-box-inner reset-last-child\"><p>Fit for fire and fire stove<\/p>\n<\/div>\n\n\t\t\t\t\t\t\t\t\t\t\t<\/div>\n\n\t\t\t\t\t\n\t\t\t\t\t\t\t\t\t<\/div>\n\t\t\t<\/div>\n\t\t[\/vc_column_inner][\/vc_row_inner][\/vc_column][\/vc_row][vc_row][vc_column][vc_row_inner content_placement=&#8221;top&#8221; gap=&#8221;10&#8243; row_reverse_mobile=&#8221;0&#8243; row_reverse_tablet=&#8221;0&#8243;][vc_column_inner width=&#8221;1\/4&#8243; woodmart_text_align=&#8221;center&#8221;]\t\t\t<div class=\"info-box-wrapper\">\n\t\t\t\t<div id=\"wd-66962ced8fdf6\" class=\" wd-rs-66962ced8fdf6 wd-info-box wd-wpb text-center box-icon-align-top box-style- color-scheme- wd-bg-none \">\n\t\t\t\t\t\t\t\t\t\t\t<div class=\"box-icon-wrapper  box-with-icon box-icon-simple\">\n\t\t\t\t\t\t\t<div class=\"info-box-icon\">\n\t\t\t\t\t\t\t\t<img loading=\"lazy\" decoding=\"async\" width=\"75\" height=\"75\" src=\"https:\/\/kuokokitchen.com\/wp-content\/uploads\/pictos_apto_cocina_vitro_gris-75x75.png\" class=\"attachment-75x75 size-75x75\" alt=\"\" \/>\t\t\t\t\t\t\t<\/div>\n\t\t\t\t\t\t<\/div>\n\t\t\t\t\t\t\t\t\t\t<div class=\"info-box-content\">\n\t\t\t\t\t\t\t\t\t\t\t\t<div class=\"info-box-inner reset-last-child\"><p>Fit for glass stove tops<\/p>\n<\/div>\n\n\t\t\t\t\t\t\t\t\t\t\t<\/div>\n\n\t\t\t\t\t\n\t\t\t\t\t\t\t\t\t<\/div>\n\t\t\t<\/div>\n\t\t[\/vc_column_inner][vc_column_inner width=&#8221;1\/4&#8243; woodmart_text_align=&#8221;right&#8221;]\t\t\t<div class=\"info-box-wrapper\">\n\t\t\t\t<div id=\"wd-66962cfc5cfec\" class=\" wd-rs-66962cfc5cfec wd-info-box wd-wpb text-center box-icon-align-top box-style- color-scheme- wd-bg-none \">\n\t\t\t\t\t\t\t\t\t\t\t<div class=\"box-icon-wrapper  box-with-icon box-icon-simple\">\n\t\t\t\t\t\t\t<div class=\"info-box-icon\">\n\t\t\t\t\t\t\t\t<img loading=\"lazy\" decoding=\"async\" width=\"75\" height=\"75\" src=\"https:\/\/kuokokitchen.com\/wp-content\/uploads\/pictos_apto_cocina_induccion_gris-75x75.png\" class=\"attachment-75x75 size-75x75\" alt=\"\" \/>\t\t\t\t\t\t\t<\/div>\n\t\t\t\t\t\t<\/div>\n\t\t\t\t\t\t\t\t\t\t<div class=\"info-box-content\">\n\t\t\t\t\t\t\t\t\t\t\t\t<div class=\"info-box-inner reset-last-child\"><p>Fit for induction stove<\/p>\n<\/div>\n\n\t\t\t\t\t\t\t\t\t\t\t<\/div>\n\n\t\t\t\t\t\n\t\t\t\t\t\t\t\t\t<\/div>\n\t\t\t<\/div>\n\t\t[\/vc_column_inner][vc_column_inner width=&#8221;1\/4&#8243; woodmart_text_align=&#8221;center&#8221;]\t\t\t<div class=\"info-box-wrapper\">\n\t\t\t\t<div id=\"wd-66962d0c27f03\" class=\" wd-rs-66962d0c27f03 wd-info-box wd-wpb text-center box-icon-align-top box-style- color-scheme- wd-bg-none \">\n\t\t\t\t\t\t\t\t\t\t\t<div class=\"box-icon-wrapper  box-with-icon box-icon-simple\">\n\t\t\t\t\t\t\t<div class=\"info-box-icon\">\n\t\t\t\t\t\t\t\t<img loading=\"lazy\" decoding=\"async\" width=\"75\" height=\"75\" src=\"https:\/\/kuokokitchen.com\/wp-content\/uploads\/pictos_apto_barbacoa_fuego_gris-75x75.png\" class=\"attachment-75x75 size-75x75\" alt=\"\" \/>\t\t\t\t\t\t\t<\/div>\n\t\t\t\t\t\t<\/div>\n\t\t\t\t\t\t\t\t\t\t<div class=\"info-box-content\">\n\t\t\t\t\t\t\t\t\t\t\t\t<div class=\"info-box-inner reset-last-child\"><p>BBQ friendly<\/p>\n<\/div>\n\n\t\t\t\t\t\t\t\t\t\t\t<\/div>\n\n\t\t\t\t\t\n\t\t\t\t\t\t\t\t\t<\/div>\n\t\t\t<\/div>\n\t\t[\/vc_column_inner][vc_column_inner width=&#8221;1\/4&#8243; woodmart_text_align=&#8221;center&#8221;]\t\t\t<div class=\"info-box-wrapper\">\n\t\t\t\t<div id=\"wd-66962d1b5912b\" class=\" wd-rs-66962d1b5912b wd-info-box wd-wpb text-center box-icon-align-top box-style- color-scheme- wd-bg-none \">\n\t\t\t\t\t\t\t\t\t\t\t<div class=\"box-icon-wrapper  box-with-icon box-icon-simple\">\n\t\t\t\t\t\t\t<div class=\"info-box-icon\">\n\t\t\t\t\t\t\t\t<img loading=\"lazy\" decoding=\"async\" width=\"75\" height=\"75\" src=\"https:\/\/kuokokitchen.com\/wp-content\/uploads\/pictos_apto_nevera_gris-75x75.png\" class=\"attachment-75x75 size-75x75\" alt=\"\" \/>\t\t\t\t\t\t\t<\/div>\n\t\t\t\t\t\t<\/div>\n\t\t\t\t\t\t\t\t\t\t<div class=\"info-box-content\">\n\t\t\t\t\t\t\t\t\t\t\t\t<div class=\"info-box-inner reset-last-child\"><p>Fridge safe<\/p>\n<\/div>\n\n\t\t\t\t\t\t\t\t\t\t\t<\/div>\n\n\t\t\t\t\t\n\t\t\t\t\t\t\t\t\t<\/div>\n\t\t\t<\/div>\n\t\t[\/vc_column_inner][\/vc_row_inner][\/vc_column][\/vc_row]<\/p>\n<\/div>","protected":false},"excerpt":{"rendered":"<p>Includes our biggest Dutch Oven (\u00d825cm), medium casserole (\u00d825cm), and a conic-shaped tagine lid that you can use either with the casserole, turning it into the typical morrocan tagine, or the dutch oven for an enhanced cooking experience.<\/p>\n","protected":false},"featured_media":7751,"template":"","meta":{"_themeisle_gutenberg_block_has_review":false},"product_brand":[],"product_cat":[563,898,889],"product_tag":[597],"class_list":{"0":"post-9987","1":"product","2":"type-product","3":"status-publish","4":"has-post-thumbnail","6":"product_cat-cooking-and-baking","7":"product_cat-kitchen-products","8":"product_cat-packs-en","9":"product_tag-best-sellers","10":"pa_material-gres-ceramic","12":"first","13":"instock","14":"sale","15":"taxable","16":"shipping-taxable","17":"purchasable","18":"product-type-variable"},"yoast_head":"<!-- This site is optimized with the Yoast SEO plugin v27.3 - https:\/\/yoast.com\/product\/yoast-seo-wordpress\/ -->\n<title>Buy Cocotte (\u00d825cm), cacerola (\u00d825cm) y tapa taj\u00edn | Kuoko Kitchen Things<\/title>\n<meta name=\"description\" content=\"Compra un set de cocotte, cacerola y tapa de tajin de calidad fabricado en italia \u00fanicamente con cer\u00e1mica de alta calidad, totalmente libre de t\u00f3xicos.\" \/>\n<meta name=\"robots\" content=\"index, follow, max-snippet:-1, max-image-preview:large, max-video-preview:-1\" \/>\n<link rel=\"canonical\" href=\"https:\/\/kuokokitchen.com\/en\/packs-en\/cocotte-o25cm-cacerola-o25cm-y-tapa-tajin\/\" \/>\n<meta property=\"og:locale\" content=\"en_US\" \/>\n<meta property=\"og:type\" content=\"article\" \/>\n<meta property=\"og:title\" content=\"Buy Cocotte (\u00d825cm), cacerola (\u00d825cm) y tapa taj\u00edn | Kuoko Kitchen Things\" \/>\n<meta property=\"og:description\" content=\"Compra un set de cocotte, cacerola y tapa de tajin de calidad fabricado en italia \u00fanicamente con cer\u00e1mica de alta calidad, totalmente libre de t\u00f3xicos.\" \/>\n<meta property=\"og:url\" content=\"https:\/\/kuokokitchen.com\/en\/packs-en\/cocotte-o25cm-cacerola-o25cm-y-tapa-tajin\/\" \/>\n<meta property=\"og:site_name\" content=\"Kuoko Kitchen Things\" \/>\n<meta property=\"article:modified_time\" content=\"2024-07-25T06:50:04+00:00\" \/>\n<meta property=\"og:image\" content=\"https:\/\/kuokokitchen.com\/wp-content\/uploads\/blog-materiales.jpg\" \/>\n\t<meta property=\"og:image:width\" content=\"750\" \/>\n\t<meta property=\"og:image:height\" content=\"650\" \/>\n\t<meta property=\"og:image:type\" content=\"image\/jpeg\" \/>\n<meta name=\"twitter:card\" content=\"summary_large_image\" \/>\n<meta name=\"twitter:label1\" content=\"Est. reading time\" \/>\n\t<meta name=\"twitter:data1\" content=\"3 minutes\" \/>\n<script type=\"application\/ld+json\" class=\"yoast-schema-graph\">{\"@context\":\"https:\\\/\\\/schema.org\",\"@graph\":[{\"@type\":\"WebPage\",\"@id\":\"https:\\\/\\\/kuokokitchen.com\\\/en\\\/packs-en\\\/cocotte-o25cm-cacerola-o25cm-y-tapa-tajin\\\/\",\"url\":\"https:\\\/\\\/kuokokitchen.com\\\/en\\\/packs-en\\\/cocotte-o25cm-cacerola-o25cm-y-tapa-tajin\\\/\",\"name\":\"Buy Cocotte (\u00d825cm), cacerola (\u00d825cm) y tapa taj\u00edn | Kuoko Kitchen Things\",\"isPartOf\":{\"@id\":\"https:\\\/\\\/kuokokitchen.com\\\/en\\\/#website\"},\"primaryImageOfPage\":{\"@id\":\"https:\\\/\\\/kuokokitchen.com\\\/en\\\/packs-en\\\/cocotte-o25cm-cacerola-o25cm-y-tapa-tajin\\\/#primaryimage\"},\"image\":{\"@id\":\"https:\\\/\\\/kuokokitchen.com\\\/en\\\/packs-en\\\/cocotte-o25cm-cacerola-o25cm-y-tapa-tajin\\\/#primaryimage\"},\"thumbnailUrl\":\"https:\\\/\\\/kuokokitchen.com\\\/wp-content\\\/uploads\\\/blog-materiales.jpg\",\"datePublished\":\"2024-03-01T08:59:07+00:00\",\"dateModified\":\"2024-07-25T06:50:04+00:00\",\"description\":\"Compra un set de cocotte, cacerola y tapa de tajin de calidad fabricado en italia \u00fanicamente con cer\u00e1mica de alta calidad, totalmente libre de t\u00f3xicos.\",\"breadcrumb\":{\"@id\":\"https:\\\/\\\/kuokokitchen.com\\\/en\\\/packs-en\\\/cocotte-o25cm-cacerola-o25cm-y-tapa-tajin\\\/#breadcrumb\"},\"inLanguage\":\"en-US\",\"potentialAction\":[{\"@type\":\"ReadAction\",\"target\":[\"https:\\\/\\\/kuokokitchen.com\\\/en\\\/packs-en\\\/cocotte-o25cm-cacerola-o25cm-y-tapa-tajin\\\/\"]}]},{\"@type\":\"ImageObject\",\"inLanguage\":\"en-US\",\"@id\":\"https:\\\/\\\/kuokokitchen.com\\\/en\\\/packs-en\\\/cocotte-o25cm-cacerola-o25cm-y-tapa-tajin\\\/#primaryimage\",\"url\":\"https:\\\/\\\/kuokokitchen.com\\\/wp-content\\\/uploads\\\/blog-materiales.jpg\",\"contentUrl\":\"https:\\\/\\\/kuokokitchen.com\\\/wp-content\\\/uploads\\\/blog-materiales.jpg\",\"width\":750,\"height\":650},{\"@type\":\"BreadcrumbList\",\"@id\":\"https:\\\/\\\/kuokokitchen.com\\\/en\\\/packs-en\\\/cocotte-o25cm-cacerola-o25cm-y-tapa-tajin\\\/#breadcrumb\",\"itemListElement\":[{\"@type\":\"ListItem\",\"position\":1,\"name\":\"Home\",\"item\":\"https:\\\/\\\/kuokokitchen.com\\\/en\\\/home-decor\\\/\"},{\"@type\":\"ListItem\",\"position\":2,\"name\":\"Shop\",\"item\":\"https:\\\/\\\/kuokokitchen.com\\\/en\\\/shop\\\/\"},{\"@type\":\"ListItem\",\"position\":3,\"name\":\"Cocotte (\u00d825cm), cacerola (\u00d825cm) y tapa taj\u00edn\"}]},{\"@type\":\"WebSite\",\"@id\":\"https:\\\/\\\/kuokokitchen.com\\\/en\\\/#website\",\"url\":\"https:\\\/\\\/kuokokitchen.com\\\/en\\\/\",\"name\":\"Kuoko Kitchen Things\",\"description\":\"Utensilios de cocina libre de t\u00f3xicos\",\"potentialAction\":[{\"@type\":\"SearchAction\",\"target\":{\"@type\":\"EntryPoint\",\"urlTemplate\":\"https:\\\/\\\/kuokokitchen.com\\\/en\\\/?s={search_term_string}\"},\"query-input\":{\"@type\":\"PropertyValueSpecification\",\"valueRequired\":true,\"valueName\":\"search_term_string\"}}],\"inLanguage\":\"en-US\"}]}<\/script>\n<!-- \/ Yoast SEO plugin. -->","yoast_head_json":{"title":"Buy Cocotte (\u00d825cm), cacerola (\u00d825cm) y tapa taj\u00edn | Kuoko Kitchen Things","description":"Compra un set de cocotte, cacerola y tapa de tajin de calidad fabricado en italia \u00fanicamente con cer\u00e1mica de alta calidad, totalmente libre de t\u00f3xicos.","robots":{"index":"index","follow":"follow","max-snippet":"max-snippet:-1","max-image-preview":"max-image-preview:large","max-video-preview":"max-video-preview:-1"},"canonical":"https:\/\/kuokokitchen.com\/en\/packs-en\/cocotte-o25cm-cacerola-o25cm-y-tapa-tajin\/","og_locale":"en_US","og_type":"article","og_title":"Buy Cocotte (\u00d825cm), cacerola (\u00d825cm) y tapa taj\u00edn | Kuoko Kitchen Things","og_description":"Compra un set de cocotte, cacerola y tapa de tajin de calidad fabricado en italia \u00fanicamente con cer\u00e1mica de alta calidad, totalmente libre de t\u00f3xicos.","og_url":"https:\/\/kuokokitchen.com\/en\/packs-en\/cocotte-o25cm-cacerola-o25cm-y-tapa-tajin\/","og_site_name":"Kuoko Kitchen Things","article_modified_time":"2024-07-25T06:50:04+00:00","og_image":[{"width":750,"height":650,"url":"https:\/\/kuokokitchen.com\/wp-content\/uploads\/blog-materiales.jpg","type":"image\/jpeg"}],"twitter_card":"summary_large_image","twitter_misc":{"Est. reading time":"3 minutes"},"schema":{"@context":"https:\/\/schema.org","@graph":[{"@type":"WebPage","@id":"https:\/\/kuokokitchen.com\/en\/packs-en\/cocotte-o25cm-cacerola-o25cm-y-tapa-tajin\/","url":"https:\/\/kuokokitchen.com\/en\/packs-en\/cocotte-o25cm-cacerola-o25cm-y-tapa-tajin\/","name":"Buy Cocotte (\u00d825cm), cacerola (\u00d825cm) y tapa taj\u00edn | Kuoko Kitchen Things","isPartOf":{"@id":"https:\/\/kuokokitchen.com\/en\/#website"},"primaryImageOfPage":{"@id":"https:\/\/kuokokitchen.com\/en\/packs-en\/cocotte-o25cm-cacerola-o25cm-y-tapa-tajin\/#primaryimage"},"image":{"@id":"https:\/\/kuokokitchen.com\/en\/packs-en\/cocotte-o25cm-cacerola-o25cm-y-tapa-tajin\/#primaryimage"},"thumbnailUrl":"https:\/\/kuokokitchen.com\/wp-content\/uploads\/blog-materiales.jpg","datePublished":"2024-03-01T08:59:07+00:00","dateModified":"2024-07-25T06:50:04+00:00","description":"Compra un set de cocotte, cacerola y tapa de tajin de calidad fabricado en italia \u00fanicamente con cer\u00e1mica de alta calidad, totalmente libre de t\u00f3xicos.","breadcrumb":{"@id":"https:\/\/kuokokitchen.com\/en\/packs-en\/cocotte-o25cm-cacerola-o25cm-y-tapa-tajin\/#breadcrumb"},"inLanguage":"en-US","potentialAction":[{"@type":"ReadAction","target":["https:\/\/kuokokitchen.com\/en\/packs-en\/cocotte-o25cm-cacerola-o25cm-y-tapa-tajin\/"]}]},{"@type":"ImageObject","inLanguage":"en-US","@id":"https:\/\/kuokokitchen.com\/en\/packs-en\/cocotte-o25cm-cacerola-o25cm-y-tapa-tajin\/#primaryimage","url":"https:\/\/kuokokitchen.com\/wp-content\/uploads\/blog-materiales.jpg","contentUrl":"https:\/\/kuokokitchen.com\/wp-content\/uploads\/blog-materiales.jpg","width":750,"height":650},{"@type":"BreadcrumbList","@id":"https:\/\/kuokokitchen.com\/en\/packs-en\/cocotte-o25cm-cacerola-o25cm-y-tapa-tajin\/#breadcrumb","itemListElement":[{"@type":"ListItem","position":1,"name":"Home","item":"https:\/\/kuokokitchen.com\/en\/home-decor\/"},{"@type":"ListItem","position":2,"name":"Shop","item":"https:\/\/kuokokitchen.com\/en\/shop\/"},{"@type":"ListItem","position":3,"name":"Cocotte (\u00d825cm), cacerola (\u00d825cm) y tapa taj\u00edn"}]},{"@type":"WebSite","@id":"https:\/\/kuokokitchen.com\/en\/#website","url":"https:\/\/kuokokitchen.com\/en\/","name":"Kuoko Kitchen Things","description":"Utensilios de cocina libre de t\u00f3xicos","potentialAction":[{"@type":"SearchAction","target":{"@type":"EntryPoint","urlTemplate":"https:\/\/kuokokitchen.com\/en\/?s={search_term_string}"},"query-input":{"@type":"PropertyValueSpecification","valueRequired":true,"valueName":"search_term_string"}}],"inLanguage":"en-US"}]}},"_links":{"self":[{"href":"https:\/\/kuokokitchen.com\/en\/wp-json\/wp\/v2\/product\/9987","targetHints":{"allow":["GET"]}}],"collection":[{"href":"https:\/\/kuokokitchen.com\/en\/wp-json\/wp\/v2\/product"}],"about":[{"href":"https:\/\/kuokokitchen.com\/en\/wp-json\/wp\/v2\/types\/product"}],"wp:featuredmedia":[{"embeddable":true,"href":"https:\/\/kuokokitchen.com\/en\/wp-json\/wp\/v2\/media\/7751"}],"wp:attachment":[{"href":"https:\/\/kuokokitchen.com\/en\/wp-json\/wp\/v2\/media?parent=9987"}],"wp:term":[{"taxonomy":"product_brand","embeddable":true,"href":"https:\/\/kuokokitchen.com\/en\/wp-json\/wp\/v2\/product_brand?post=9987"},{"taxonomy":"product_cat","embeddable":true,"href":"https:\/\/kuokokitchen.com\/en\/wp-json\/wp\/v2\/product_cat?post=9987"},{"taxonomy":"product_tag","embeddable":true,"href":"https:\/\/kuokokitchen.com\/en\/wp-json\/wp\/v2\/product_tag?post=9987"}],"curies":[{"name":"wp","href":"https:\/\/api.w.org\/{rel}","templated":true}]}}